{"id":418,"date":"2024-11-11T10:32:36","date_gmt":"2024-11-11T10:32:36","guid":{"rendered":"https:\/\/www.sotograndeprojects.com\/?page_id=418"},"modified":"2024-11-11T11:17:04","modified_gmt":"2024-11-11T11:17:04","slug":"electricista-en-sotogrande","status":"publish","type":"page","link":"https:\/\/www.sotograndeprojects.com\/es\/electrician-in-sotogrande\/","title":{"rendered":"Electricista en Sotogrande"},"content":{"rendered":"<p>En\u00a0<strong>Sotogrande Projects<\/strong>, estamos comprometidos a proporcionar servicios el\u00e9ctricos de primera clase en Sotogrande y sus alrededores. Como electricista l\u00edder en Sotogrande, garantizamos un servicio de alta calidad y fiabilidad.<\/p>\n<p>Nuestro equipo de electricistas certificados es especialista en el manejo de una amplia gama de necesidades el\u00e9ctricas para clientes residenciales, comerciales e industriales.<\/p>\n<p>Estamos orgullosos de ofrecer nuestros servicios en las siguientes \u00e1reas: Sotogrande, Torreguadiaro, Pueblo Nuevo de Guadiaro, San Roque Club y Alcaidesa. He aqu\u00ed una visi\u00f3n general de los servicios integrales que ofrecemos:<\/p>\n<h3>1. Instalaciones el\u00e9ctricas generales<\/h3>\n<p>Nos especializamos en la instalaci\u00f3n segura y eficiente de sistemas el\u00e9ctricos para nuevas construcciones, renovaciones y ampliaciones. Nuestro equipo garantiza el cumplimiento de la normativa local y utiliza materiales de alta calidad para garantizar resultados fiables.<\/p>\n<h3>2. Detecci\u00f3n y reparaci\u00f3n de fallos el\u00e9ctricos<\/h3>\n<p>Nuestros t\u00e9cnicos son expertos en diagnosticar y solucionar problemas el\u00e9ctricos de forma r\u00e1pida, minimizando el tiempo de inactividad y garantizando la seguridad. Solucionamos cortes de electricidad, cableado defectuoso, aver\u00edas de disyuntores y mucho m\u00e1s.<\/p>\n<h3>3. Soluciones de iluminaci\u00f3n<\/h3>\n<p>Mejore el ambiente y la funcionalidad de su espacio con nuestras soluciones de iluminaci\u00f3n personalizadas. Tanto si necesita iluminaci\u00f3n interior, exterior o paisaj\u00edstica, dise\u00f1amos e instalamos sistemas que se adaptan a sus requisitos est\u00e9ticos y pr\u00e1cticos.<\/p>\n<h3>4. Integraci\u00f3n del hogar inteligente<\/h3>\n<p>Adopte el futuro con la tecnolog\u00eda dom\u00e9stica inteligente. Instalamos y configuramos sistemas de iluminaci\u00f3n inteligente, seguridad, dispositivos de gesti\u00f3n energ\u00e9tica y mucho m\u00e1s, para que tenga todo el control al alcance de la mano.<\/p>\n<h3>5. Inspecciones y certificaciones de seguridad<\/h3>\n<p>Nuestras inspecciones de seguridad garantizan que los sistemas el\u00e9ctricos de su propiedad cumplan todas las normativas de seguridad vigentes. Proporcionamos certificaciones para nuevas instalaciones y evaluaciones peri\u00f3dicas para que sus instalaciones sigan cumpliendo la normativa y sean seguras.<\/p>\n<h3>6. Servicios el\u00e9ctricos de emergencia<\/h3>\n<p>Las emergencias el\u00e9ctricas pueden ocurrir en cualquier momento. Nuestro equipo de emergencias 24\/7 est\u00e1 siempre disponible para resolver de manera r\u00e1pida los problemas urgentes y restablecer la plena funcionalidad de sus sistemas el\u00e9ctricos.<\/p>\n<h3>\u00bfPor qu\u00e9 elegirnos?<\/h3>\n<ul>\n<li>Profesionales con experiencia y licencia: Nuestro equipo est\u00e1 formado por electricistas certificados con a\u00f1os de experiencia en el sector.<\/li>\n<li>Servicio r\u00e1pido y fiable: Priorizamos los tiempos de respuesta r\u00e1pidos y un servicio fiable para satisfacer sus necesidades.<\/li>\n<li>Precios transparentes: Ofrecemos tarifas competitivas con precios claros y por adelantado, garantizando que no haya cargos ocultos.<\/li>\n<li>Satisfacci\u00f3n del cliente garantizada: Su satisfacci\u00f3n es nuestra m\u00e1xima prioridad. Vamos m\u00e1s all\u00e1 para ofrecer un servicio de calidad.<\/li>\n<\/ul>\n<p>Para servicios el\u00e9ctricos fiables y profesionales de un electricista de confianza en Sotogrande, Torreguadiaro, Pueblo Nuevo de Guadiaro, San Roque Club y Alcaidesa, conf\u00ede en Sotogrande Projects para garantizar el correcto funcionamiento electrico de su hogar o negocio de forma segura y eficiente. P\u00f3ngase en contacto con nosotros hoy mismo para una consulta gratuita o para concertar una cita de servicio.<\/p>\n<hr \/>\n<p style=\"text-align: center;\">Aseg\u00farese de que sus sistemas el\u00e9ctricos est\u00e1n en manos expertas.<\/p>\n<p style=\"text-align: center;\"><strong><a href=\"https:\/\/api.whatsapp.com\/send\/?phone=34684465277\">P\u00f3ngase en contacto con Sotogrande Projects y disfrute de un servicio inigualable adaptado a sus necesidades.<\/a><\/strong>.<\/p>","protected":false},"excerpt":{"rendered":"<p>En Sotogrande Projects, nos comprometemos a proporcionar servicios el\u00e9ctricos de primera categor\u00eda en Sotogrande y sus alrededores. Como electricista l\u00edder en Sotogrande, garantizamos un servicio de alta calidad y fiabilidad. Nuestro equipo de electricistas certificados es experto en el manejo de una amplia gama de necesidades el\u00e9ctricas para clientes residenciales, comerciales e industriales. Estamos orgullosos de servir a las siguientes \u00e1reas: Sotogrande, ... <a title=\"Electricista en Sotogrande\" class=\"read-more\" href=\"https:\/\/www.sotograndeprojects.com\/es\/electrician-in-sotogrande\/\" aria-label=\"Leer m\u00e1s sobre Electricista en Sotogrande\">Leer m\u00e1s<\/a><\/p>","protected":false},"author":1,"featured_media":420,"parent":0,"menu_order":0,"comment_status":"closed","ping_status":"closed","template":"","meta":{"footnotes":""},"class_list":["post-418","page","type-page","status-publish","has-post-thumbnail"],"yoast_head":"<!-- This site is optimized with the Yoast SEO plugin v27.5 - https:\/\/yoast.com\/product\/yoast-seo-wordpress\/ -->\n<title>Electrician in Sotogrande - Sotogrande Projects<\/title>\n<meta name=\"robots\" content=\"index, follow, max-snippet:-1, max-image-preview:large, max-video-preview:-1\" \/>\n<link rel=\"canonical\" href=\"https:\/\/www.sotograndeprojects.com\/es\/electricista-en-sotogrande\/\" \/>\n<meta property=\"og:locale\" content=\"es_ES\" \/>\n<meta property=\"og:type\" content=\"article\" \/>\n<meta property=\"og:title\" content=\"Electrician in Sotogrande - Sotogrande Projects\" \/>\n<meta property=\"og:description\" content=\"At\u00a0Sotogrande Projects, we are committed to providing top-notch electrical services in Sotogrande and surrounding areas. As a leading electrician in Sotogrande, we ensure high-quality service and reliability. Our team of certified electricians is skilled in handling a wide range of electrical needs for residential, commercial, and industrial clients. We proudly serve the following areas: Sotogrande, ... Leer m\u00e1s\" \/>\n<meta property=\"og:url\" content=\"https:\/\/www.sotograndeprojects.com\/es\/electricista-en-sotogrande\/\" \/>\n<meta property=\"og:site_name\" content=\"Sotogrande Projects\" \/>\n<meta property=\"article:publisher\" content=\"https:\/\/www.facebook.com\/sotograndeprojects\" \/>\n<meta property=\"article:modified_time\" content=\"2024-11-11T11:17:04+00:00\" \/>\n<meta property=\"og:image\" content=\"https:\/\/www.sotograndeprojects.com\/wp-content\/uploads\/electrician-sotogrande.jpg\" \/>\n\t<meta property=\"og:image:width\" content=\"1280\" \/>\n\t<meta property=\"og:image:height\" content=\"853\" \/>\n\t<meta property=\"og:image:type\" content=\"image\/jpeg\" \/>\n<meta name=\"twitter:card\" content=\"summary_large_image\" \/>\n<meta name=\"twitter:site\" content=\"@sotograndepro\" \/>\n<meta name=\"twitter:label1\" content=\"Tiempo de lectura\" \/>\n\t<meta name=\"twitter:data1\" content=\"3 minutos\" \/>\n<script type=\"application\/ld+json\" class=\"yoast-schema-graph\">{\"@context\":\"https:\\\/\\\/schema.org\",\"@graph\":[{\"@type\":\"WebPage\",\"@id\":\"https:\\\/\\\/www.sotograndeprojects.com\\\/electrician-in-sotogrande\\\/\",\"url\":\"https:\\\/\\\/www.sotograndeprojects.com\\\/electrician-in-sotogrande\\\/\",\"name\":\"Electrician in Sotogrande - Sotogrande Projects\",\"isPartOf\":{\"@id\":\"https:\\\/\\\/www.sotograndeprojects.com\\\/#website\"},\"primaryImageOfPage\":{\"@id\":\"https:\\\/\\\/www.sotograndeprojects.com\\\/electrician-in-sotogrande\\\/#primaryimage\"},\"image\":{\"@id\":\"https:\\\/\\\/www.sotograndeprojects.com\\\/electrician-in-sotogrande\\\/#primaryimage\"},\"thumbnailUrl\":\"https:\\\/\\\/www.sotograndeprojects.com\\\/wp-content\\\/uploads\\\/electrician-sotogrande.jpg\",\"datePublished\":\"2024-11-11T10:32:36+00:00\",\"dateModified\":\"2024-11-11T11:17:04+00:00\",\"breadcrumb\":{\"@id\":\"https:\\\/\\\/www.sotograndeprojects.com\\\/electrician-in-sotogrande\\\/#breadcrumb\"},\"inLanguage\":\"es\",\"potentialAction\":[{\"@type\":\"ReadAction\",\"target\":[\"https:\\\/\\\/www.sotograndeprojects.com\\\/electrician-in-sotogrande\\\/\"]}]},{\"@type\":\"ImageObject\",\"inLanguage\":\"es\",\"@id\":\"https:\\\/\\\/www.sotograndeprojects.com\\\/electrician-in-sotogrande\\\/#primaryimage\",\"url\":\"https:\\\/\\\/www.sotograndeprojects.com\\\/wp-content\\\/uploads\\\/electrician-sotogrande.jpg\",\"contentUrl\":\"https:\\\/\\\/www.sotograndeprojects.com\\\/wp-content\\\/uploads\\\/electrician-sotogrande.jpg\",\"width\":1280,\"height\":853,\"caption\":\"Electrician in Sotogrande\"},{\"@type\":\"BreadcrumbList\",\"@id\":\"https:\\\/\\\/www.sotograndeprojects.com\\\/electrician-in-sotogrande\\\/#breadcrumb\",\"itemListElement\":[{\"@type\":\"ListItem\",\"position\":1,\"name\":\"Home\",\"item\":\"https:\\\/\\\/www.sotograndeprojects.com\\\/\"},{\"@type\":\"ListItem\",\"position\":2,\"name\":\"Electrician in Sotogrande\"}]},{\"@type\":\"WebSite\",\"@id\":\"https:\\\/\\\/www.sotograndeprojects.com\\\/#website\",\"url\":\"https:\\\/\\\/www.sotograndeprojects.com\\\/\",\"name\":\"Sotogrande Projects\",\"description\":\"Building, Renovation, Garden and Cleaning Services in Sotogrande\",\"potentialAction\":[{\"@type\":\"SearchAction\",\"target\":{\"@type\":\"EntryPoint\",\"urlTemplate\":\"https:\\\/\\\/www.sotograndeprojects.com\\\/?s={search_term_string}\"},\"query-input\":{\"@type\":\"PropertyValueSpecification\",\"valueRequired\":true,\"valueName\":\"search_term_string\"}}],\"inLanguage\":\"es\"}]}<\/script>\n<!-- \/ Yoast SEO plugin. -->","yoast_head_json":{"title":"Electricista en Sotogrande - Proyectos Sotogrande","robots":{"index":"index","follow":"follow","max-snippet":"max-snippet:-1","max-image-preview":"max-image-preview:large","max-video-preview":"max-video-preview:-1"},"canonical":"https:\/\/www.sotograndeprojects.com\/es\/electricista-en-sotogrande\/","og_locale":"es_ES","og_type":"article","og_title":"Electrician in Sotogrande - Sotogrande Projects","og_description":"At\u00a0Sotogrande Projects, we are committed to providing top-notch electrical services in Sotogrande and surrounding areas. As a leading electrician in Sotogrande, we ensure high-quality service and reliability. Our team of certified electricians is skilled in handling a wide range of electrical needs for residential, commercial, and industrial clients. We proudly serve the following areas: Sotogrande, ... Leer m\u00e1s","og_url":"https:\/\/www.sotograndeprojects.com\/es\/electricista-en-sotogrande\/","og_site_name":"Sotogrande Projects","article_publisher":"https:\/\/www.facebook.com\/sotograndeprojects","article_modified_time":"2024-11-11T11:17:04+00:00","og_image":[{"width":1280,"height":853,"url":"https:\/\/www.sotograndeprojects.com\/wp-content\/uploads\/electrician-sotogrande.jpg","type":"image\/jpeg"}],"twitter_card":"summary_large_image","twitter_site":"@sotograndepro","twitter_misc":{"Tiempo de lectura":"3 minutos"},"schema":{"@context":"https:\/\/schema.org","@graph":[{"@type":"WebPage","@id":"https:\/\/www.sotograndeprojects.com\/electrician-in-sotogrande\/","url":"https:\/\/www.sotograndeprojects.com\/electrician-in-sotogrande\/","name":"Electricista en Sotogrande - Proyectos Sotogrande","isPartOf":{"@id":"https:\/\/www.sotograndeprojects.com\/#website"},"primaryImageOfPage":{"@id":"https:\/\/www.sotograndeprojects.com\/electrician-in-sotogrande\/#primaryimage"},"image":{"@id":"https:\/\/www.sotograndeprojects.com\/electrician-in-sotogrande\/#primaryimage"},"thumbnailUrl":"https:\/\/www.sotograndeprojects.com\/wp-content\/uploads\/electrician-sotogrande.jpg","datePublished":"2024-11-11T10:32:36+00:00","dateModified":"2024-11-11T11:17:04+00:00","breadcrumb":{"@id":"https:\/\/www.sotograndeprojects.com\/electrician-in-sotogrande\/#breadcrumb"},"inLanguage":"es","potentialAction":[{"@type":"ReadAction","target":["https:\/\/www.sotograndeprojects.com\/electrician-in-sotogrande\/"]}]},{"@type":"ImageObject","inLanguage":"es","@id":"https:\/\/www.sotograndeprojects.com\/electrician-in-sotogrande\/#primaryimage","url":"https:\/\/www.sotograndeprojects.com\/wp-content\/uploads\/electrician-sotogrande.jpg","contentUrl":"https:\/\/www.sotograndeprojects.com\/wp-content\/uploads\/electrician-sotogrande.jpg","width":1280,"height":853,"caption":"Electrician in Sotogrande"},{"@type":"BreadcrumbList","@id":"https:\/\/www.sotograndeprojects.com\/electrician-in-sotogrande\/#breadcrumb","itemListElement":[{"@type":"ListItem","position":1,"name":"Home","item":"https:\/\/www.sotograndeprojects.com\/"},{"@type":"ListItem","position":2,"name":"Electrician in Sotogrande"}]},{"@type":"WebSite","@id":"https:\/\/www.sotograndeprojects.com\/#website","url":"https:\/\/www.sotograndeprojects.com\/","name":"Sotogrande Projects","description":"Servicios de construcci\u00f3n, reformas, jardiner\u00eda y limpieza en Sotogrande","potentialAction":[{"@type":"SearchAction","target":{"@type":"EntryPoint","urlTemplate":"https:\/\/www.sotograndeprojects.com\/?s={search_term_string}"},"query-input":{"@type":"PropertyValueSpecification","valueRequired":true,"valueName":"search_term_string"}}],"inLanguage":"es"}]}},"_links":{"self":[{"href":"https:\/\/www.sotograndeprojects.com\/es\/wp-json\/wp\/v2\/pages\/418","targetHints":{"allow":["GET"]}}],"collection":[{"href":"https:\/\/www.sotograndeprojects.com\/es\/wp-json\/wp\/v2\/pages"}],"about":[{"href":"https:\/\/www.sotograndeprojects.com\/es\/wp-json\/wp\/v2\/types\/page"}],"author":[{"embeddable":true,"href":"https:\/\/www.sotograndeprojects.com\/es\/wp-json\/wp\/v2\/users\/1"}],"replies":[{"embeddable":true,"href":"https:\/\/www.sotograndeprojects.com\/es\/wp-json\/wp\/v2\/comments?post=418"}],"version-history":[{"count":3,"href":"https:\/\/www.sotograndeprojects.com\/es\/wp-json\/wp\/v2\/pages\/418\/revisions"}],"predecessor-version":[{"id":436,"href":"https:\/\/www.sotograndeprojects.com\/es\/wp-json\/wp\/v2\/pages\/418\/revisions\/436"}],"wp:featuredmedia":[{"embeddable":true,"href":"https:\/\/www.sotograndeprojects.com\/es\/wp-json\/wp\/v2\/media\/420"}],"wp:attachment":[{"href":"https:\/\/www.sotograndeprojects.com\/es\/wp-json\/wp\/v2\/media?parent=418"}],"curies":[{"name":"wp","href":"https:\/\/api.w.org\/{rel}","templated":true}]}}