{"id":480,"date":"2025-01-13T17:13:38","date_gmt":"2025-01-13T17:13:38","guid":{"rendered":"https:\/\/www.sotograndeprojects.com\/?page_id=480"},"modified":"2025-01-13T17:23:18","modified_gmt":"2025-01-13T17:23:18","slug":"mantenimiento-de-jardines-y-piscinas-en-sotogrande","status":"publish","type":"page","link":"https:\/\/www.sotograndeprojects.com\/es\/garden-and-pool-maintenance-in-sotogrande\/","title":{"rendered":"Mantenimiento de jardines y piscinas en Sotogrande"},"content":{"rendered":"<p class=\"translation-block\">En  <strong>Sotogrande Projects <\/strong>, entendemos la importancia de mantener hermosos espacios al aire libre que mejoren la comodidad, el valor y la est\u00e9tica de su propiedad. Nuestros  <strong>servicios profesionales de mantenimiento de jardines y piscinas <\/strong> est\u00e1n dise\u00f1ados para ofrecer a los residentes de Sotogrande, Alcaidesa y San Roque Club soluciones sin preocupaciones para mantener sus jardines exuberantes y sus piscinas inmaculadas.<\/p>\n<p>Con un compromiso de excelencia y atenci\u00f3n personalizada, nos aseguramos de que cada aspecto de su entorno exterior se mantenga cuidado al detalle, permiti\u00e9ndole disfrutar de un estilo de vida sin complicaciones.<\/p>\n<p><img fetchpriority=\"high\" decoding=\"async\" class=\"alignnone size-large wp-image-481\" src=\"https:\/\/www.sotograndeprojects.com\/wp-content\/uploads\/garden-maintenance-1024x684.jpg\" alt=\"Servicios de mantenimiento de jardines en Sotogrande\" width=\"1024\" height=\"684\" srcset=\"https:\/\/www.sotograndeprojects.com\/wp-content\/uploads\/garden-maintenance-1024x684.jpg 1024w, https:\/\/www.sotograndeprojects.com\/wp-content\/uploads\/garden-maintenance-300x200.jpg 300w, https:\/\/www.sotograndeprojects.com\/wp-content\/uploads\/garden-maintenance-768x513.jpg 768w, https:\/\/www.sotograndeprojects.com\/wp-content\/uploads\/garden-maintenance-18x12.jpg 18w, https:\/\/www.sotograndeprojects.com\/wp-content\/uploads\/garden-maintenance.jpg 1280w\" sizes=\"(max-width: 1024px) 100vw, 1024px\" \/><\/p>\n<h2>Servicios de mantenimiento de jardines<\/h2>\n<h3>Jardines hermosos todo el a\u00f1o<\/h3>\n<p>Un jard\u00edn vivo y bien cuidado es el sello distintivo de un hogar acogedor. En <strong>Sotogrande Projects<\/strong>, ofrecemos servicios integrales de cuidado de jardines para garantizar que sus espacios exteriores permanezcan sanos, bellos y perfectamente adaptados a su estilo.<\/p>\n<h4>Nuestros servicios incluyen<\/h4>\n<ul>\n<li><strong>Excelencia en el cuidado del c\u00e9sped<\/strong><br \/>\nSiega, aireaci\u00f3n y fertilizaci\u00f3n peri\u00f3dicas para conseguir un c\u00e9sped verde y exuberante que sea la envidia del vecindario.<\/li>\n<li><strong>Poda y recorte expertos<\/strong><br \/>\nRecorte de precisi\u00f3n de setos, arbustos y \u00e1rboles para mantener su belleza y salud natural.<\/li>\n<li><strong>Control fitosanitario<\/strong><br \/>\nControles continuos de plagas, enfermedades y deficiencias de nutrientes para garantizar plantas sanas y pr\u00f3speras.<\/li>\n<li><strong>Plantaci\u00f3n y dise\u00f1o de temporada<\/strong><br \/>\nPlantaci\u00f3n estacional personalizada para renovar su jard\u00edn con flores coloridas y vegetaci\u00f3n resistente.<\/li>\n<li><strong>Instalaci\u00f3n y mantenimiento de sistemas de riego<\/strong><br \/>\nInstalaci\u00f3n, reparaci\u00f3n y optimizaci\u00f3n de sistemas de riego modernos  para mantener su jard\u00edn hidratado de forma eficiente y sostenible.<\/li>\n<\/ul>\n<h3>Soluciones de jardiner\u00eda a medida<\/h3>\n<p>Cada jard\u00edn cuenta una historia, y nosotros estamos aqu\u00ed para ayudar a que la suya florezca. Tanto si sue\u00f1a con un oasis de inspiraci\u00f3n mediterr\u00e1nea, un paisaje de bajo mantenimiento o un para\u00edso lleno de flores de colores, nuestro equipo trabaja con usted para crear un plan de mantenimiento que se ajuste a su visi\u00f3n.<\/p>\n<p><img decoding=\"async\" class=\"alignnone size-large wp-image-482\" src=\"https:\/\/www.sotograndeprojects.com\/wp-content\/uploads\/pool-maintenance-1024x682.jpg\" alt=\"Servicios de mantenimiento de piscinas en Sotogrande\" width=\"1024\" height=\"682\" srcset=\"https:\/\/www.sotograndeprojects.com\/wp-content\/uploads\/pool-maintenance-1024x682.jpg 1024w, https:\/\/www.sotograndeprojects.com\/wp-content\/uploads\/pool-maintenance-300x200.jpg 300w, https:\/\/www.sotograndeprojects.com\/wp-content\/uploads\/pool-maintenance-768x512.jpg 768w, https:\/\/www.sotograndeprojects.com\/wp-content\/uploads\/pool-maintenance-18x12.jpg 18w, https:\/\/www.sotograndeprojects.com\/wp-content\/uploads\/pool-maintenance.jpg 1280w\" sizes=\"(max-width: 1024px) 100vw, 1024px\" \/><\/p>\n<h2>Servicios de mantenimiento de piscinas<\/h2>\n<h3>Piscinas relucientes, siempre a punto<\/h3>\n<p>Una piscina bien mantenida es la pieza central de la vida al aire libre en Sotogrande y sus alrededores. Nuestros servicios profesionales de mantenimiento de piscinas garantizan que su piscina est\u00e9 siempre en perfectas condiciones, lista para un refrescante chapuz\u00f3n en cualquier momento.<\/p>\n<h4>Nuestros servicios incluyen<\/h4>\n<ul>\n<li><strong>Limpieza a fondo de piscinas<\/strong><br \/>\nDesnatado, aspirado y fregado de las superficies de la piscina para mantenerla reluciente.<\/li>\n<li><strong>An\u00e1lisis y equilibrado de la calidad del agua<\/strong><br \/>\nPruebas peri\u00f3dicas para mantener el equilibrio qu\u00edmico perfecto para la seguridad y el confort.<\/li>\n<li><strong>Mantenimiento de filtros y bombas<\/strong><br \/>\nInspecci\u00f3n, limpieza y reparaci\u00f3n de equipos esenciales para garantizar un funcionamiento eficaz.<\/li>\n<li><strong>Servicios de apertura y cierre de temporada<\/strong><br \/>\nPreparaci\u00f3n de su piscina para su uso durante la temporada y preparaci\u00f3n adecuada para protegerla fuera de temporada durante el invierno.<\/li>\n<li><strong>Detecci\u00f3n y reparaci\u00f3n de fugas<\/strong><br \/>\nR\u00e1pida identificaci\u00f3n y resoluci\u00f3n de problemas estructurales o de fontaner\u00eda para evitar da\u00f1os a largo plazo.<\/li>\n<\/ul>\n<h3>Seguridad, eficacia y diversi\u00f3n<\/h3>\n<p>En <strong>Sotogrande Projects<\/strong>, damos prioridad no s\u00f3lo a la limpieza de su piscina, sino tambi\u00e9n a su seguridad y eficiencia energ\u00e9tica. Mediante el uso de productos respetuosos con el medio ambiente y t\u00e9cnicas avanzadas, minimizamos los costes al tiempo que maximizamos su disfrute.<\/p>\n<h2>\u00bfPor qu\u00e9 elegir Sotogrande Projects?<\/h2>\n<p>Cuando elige Sotogrande Projects, est\u00e1 eligiendo un equipo dedicado a la excelencia y a su satisfacci\u00f3n. Por eso somos la opci\u00f3n de confianza para el mantenimiento de jardines y piscinas en Sotogrande, Alcaidesa y San Roque Club:<\/p>\n<ul>\n<li><strong>Experiencia local<\/strong><br \/>\nTenemos un amplio conocimiento del clima, el suelo y las necesidades espec\u00edficas de las propiedades de la zona.<\/li>\n<li><strong>Profesionales cualificados<\/strong><br \/>\nNuestro experimentado equipo combina los conocimientos t\u00e9cnicos con la pasi\u00f3n por crear impresionantes espacios al aire libre.<\/li>\n<li><strong>Servicios integrales<\/strong><br \/>\nDesde el mantenimiento rutinario hasta el cuidado especializado, cubrimos todos los detalles, para que usted no tenga que hacerlo.<\/li>\n<li><strong>Pr\u00e1cticas respetuosas con el medio ambiente<\/strong><br \/>\nUtilizamos t\u00e9cnicas y productos sostenibles para cuidar su jard\u00edn y su piscina de forma responsable.<\/li>\n<li><strong>Soluciones a medida<\/strong><br \/>\nCada servicio se personaliza para satisfacer sus necesidades espec\u00edficas, ya sea para una vivienda particular, una propiedad vacacional o un activo de inversi\u00f3n.<\/li>\n<\/ul>\n<hr \/>\n<p style=\"text-align: center;\">Aseg\u00farese de que su jard\u00edn y su piscina est\u00e1n en buenas manos.<\/p>\n<p style=\"text-align: center;\"><strong><a href=\"https:\/\/api.whatsapp.com\/send\/?phone=34684465277\">P\u00f3ngase en contacto para recibir un presupuesto personalizado dise\u00f1ado para satisfacer sus necesidades de mantenimiento de jardines y piscinas.<\/a><\/strong><\/p>","protected":false},"excerpt":{"rendered":"<p>En Sotogrande Projects, entendemos la importancia de mantener hermosos espacios al aire libre que mejoren la comodidad, el valor y la est\u00e9tica de su propiedad. Nuestros servicios profesionales de mantenimiento de jardines y piscinas est\u00e1n dise\u00f1ados para proporcionar a los residentes de Sotogrande, Alcaidesa y San Roque Club soluciones sin preocupaciones para mantener sus jardines exuberantes y sus piscinas inmaculadas. Con un compromiso ... <a title=\"Mantenimiento de jardines y piscinas en Sotogrande\" class=\"read-more\" href=\"https:\/\/www.sotograndeprojects.com\/es\/garden-and-pool-maintenance-in-sotogrande\/\" aria-label=\"Leer m\u00e1s sobre Mantenimiento de jardines y piscinas en Sotogrande\">Leer m\u00e1s<\/a><\/p>","protected":false},"author":1,"featured_media":483,"parent":0,"menu_order":0,"comment_status":"closed","ping_status":"closed","template":"","meta":{"footnotes":""},"class_list":["post-480","page","type-page","status-publish","has-post-thumbnail"],"yoast_head":"<!-- This site is optimized with the Yoast SEO plugin v27.6 - https:\/\/yoast.com\/product\/yoast-seo-wordpress\/ -->\n<title>Garden and Pool Maintenance in Sotogrande - Sotogrande Projects<\/title>\n<meta name=\"description\" content=\"Professional garden and pool maintenance services in and around Sotogrande, Alcaidesa, and San Roque Club. Keep your outdoor spaces pristine.\" \/>\n<meta name=\"robots\" content=\"index, follow, max-snippet:-1, max-image-preview:large, max-video-preview:-1\" \/>\n<link rel=\"canonical\" href=\"https:\/\/www.sotograndeprojects.com\/es\/mantenimiento-de-jardines-y-piscinas-en-sotogrande\/\" \/>\n<meta property=\"og:locale\" content=\"es_ES\" \/>\n<meta property=\"og:type\" content=\"article\" \/>\n<meta property=\"og:title\" content=\"Garden and Pool Maintenance in Sotogrande - Sotogrande Projects\" \/>\n<meta property=\"og:description\" content=\"Professional garden and pool maintenance services in and around Sotogrande, Alcaidesa, and San Roque Club. Keep your outdoor spaces pristine.\" \/>\n<meta property=\"og:url\" content=\"https:\/\/www.sotograndeprojects.com\/es\/mantenimiento-de-jardines-y-piscinas-en-sotogrande\/\" \/>\n<meta property=\"og:site_name\" content=\"Sotogrande Projects\" \/>\n<meta property=\"article:publisher\" content=\"https:\/\/www.facebook.com\/sotograndeprojects\" \/>\n<meta property=\"article:modified_time\" content=\"2025-01-13T17:23:18+00:00\" \/>\n<meta property=\"og:image\" content=\"https:\/\/www.sotograndeprojects.com\/wp-content\/uploads\/garden-pool-maintenance-sotogrande-scaled.jpg\" \/>\n\t<meta property=\"og:image:width\" content=\"2560\" \/>\n\t<meta property=\"og:image:height\" content=\"1709\" \/>\n\t<meta property=\"og:image:type\" content=\"image\/jpeg\" \/>\n<meta name=\"twitter:card\" content=\"summary_large_image\" \/>\n<meta name=\"twitter:site\" content=\"@sotograndepro\" \/>\n<meta name=\"twitter:label1\" content=\"Tiempo de lectura\" \/>\n\t<meta name=\"twitter:data1\" content=\"4 minutos\" \/>\n<script type=\"application\/ld+json\" class=\"yoast-schema-graph\">{\"@context\":\"https:\\\/\\\/schema.org\",\"@graph\":[{\"@type\":\"WebPage\",\"@id\":\"https:\\\/\\\/www.sotograndeprojects.com\\\/garden-and-pool-maintenance-in-sotogrande\\\/\",\"url\":\"https:\\\/\\\/www.sotograndeprojects.com\\\/garden-and-pool-maintenance-in-sotogrande\\\/\",\"name\":\"Garden and Pool Maintenance in Sotogrande - Sotogrande Projects\",\"isPartOf\":{\"@id\":\"https:\\\/\\\/www.sotograndeprojects.com\\\/#website\"},\"primaryImageOfPage\":{\"@id\":\"https:\\\/\\\/www.sotograndeprojects.com\\\/garden-and-pool-maintenance-in-sotogrande\\\/#primaryimage\"},\"image\":{\"@id\":\"https:\\\/\\\/www.sotograndeprojects.com\\\/garden-and-pool-maintenance-in-sotogrande\\\/#primaryimage\"},\"thumbnailUrl\":\"https:\\\/\\\/www.sotograndeprojects.com\\\/wp-content\\\/uploads\\\/garden-pool-maintenance-sotogrande-scaled.jpg\",\"datePublished\":\"2025-01-13T17:13:38+00:00\",\"dateModified\":\"2025-01-13T17:23:18+00:00\",\"description\":\"Professional garden and pool maintenance services in and around Sotogrande, Alcaidesa, and San Roque Club. Keep your outdoor spaces pristine.\",\"breadcrumb\":{\"@id\":\"https:\\\/\\\/www.sotograndeprojects.com\\\/garden-and-pool-maintenance-in-sotogrande\\\/#breadcrumb\"},\"inLanguage\":\"es\",\"potentialAction\":[{\"@type\":\"ReadAction\",\"target\":[\"https:\\\/\\\/www.sotograndeprojects.com\\\/garden-and-pool-maintenance-in-sotogrande\\\/\"]}]},{\"@type\":\"ImageObject\",\"inLanguage\":\"es\",\"@id\":\"https:\\\/\\\/www.sotograndeprojects.com\\\/garden-and-pool-maintenance-in-sotogrande\\\/#primaryimage\",\"url\":\"https:\\\/\\\/www.sotograndeprojects.com\\\/wp-content\\\/uploads\\\/garden-pool-maintenance-sotogrande-scaled.jpg\",\"contentUrl\":\"https:\\\/\\\/www.sotograndeprojects.com\\\/wp-content\\\/uploads\\\/garden-pool-maintenance-sotogrande-scaled.jpg\",\"width\":2560,\"height\":1709,\"caption\":\"Garden and Swimming Pool Maintenance in Sotogrande\"},{\"@type\":\"BreadcrumbList\",\"@id\":\"https:\\\/\\\/www.sotograndeprojects.com\\\/garden-and-pool-maintenance-in-sotogrande\\\/#breadcrumb\",\"itemListElement\":[{\"@type\":\"ListItem\",\"position\":1,\"name\":\"Home\",\"item\":\"https:\\\/\\\/www.sotograndeprojects.com\\\/\"},{\"@type\":\"ListItem\",\"position\":2,\"name\":\"Garden and Pool Maintenance in Sotogrande\"}]},{\"@type\":\"WebSite\",\"@id\":\"https:\\\/\\\/www.sotograndeprojects.com\\\/#website\",\"url\":\"https:\\\/\\\/www.sotograndeprojects.com\\\/\",\"name\":\"Sotogrande Projects\",\"description\":\"Building, Renovation, Garden and Cleaning Services in Sotogrande\",\"potentialAction\":[{\"@type\":\"SearchAction\",\"target\":{\"@type\":\"EntryPoint\",\"urlTemplate\":\"https:\\\/\\\/www.sotograndeprojects.com\\\/?s={search_term_string}\"},\"query-input\":{\"@type\":\"PropertyValueSpecification\",\"valueRequired\":true,\"valueName\":\"search_term_string\"}}],\"inLanguage\":\"es\"}]}<\/script>\n<!-- \/ Yoast SEO plugin. -->","yoast_head_json":{"title":"Mantenimiento de Jardines y Piscinas en Sotogrande - Proyectos Sotogrande","description":"Servicios profesionales de mantenimiento de jardines y piscinas en Sotogrande, Alcaidesa y San Roque Club y alrededores. Mantenga sus espacios exteriores impecables.","robots":{"index":"index","follow":"follow","max-snippet":"max-snippet:-1","max-image-preview":"max-image-preview:large","max-video-preview":"max-video-preview:-1"},"canonical":"https:\/\/www.sotograndeprojects.com\/es\/mantenimiento-de-jardines-y-piscinas-en-sotogrande\/","og_locale":"es_ES","og_type":"article","og_title":"Garden and Pool Maintenance in Sotogrande - Sotogrande Projects","og_description":"Professional garden and pool maintenance services in and around Sotogrande, Alcaidesa, and San Roque Club. Keep your outdoor spaces pristine.","og_url":"https:\/\/www.sotograndeprojects.com\/es\/mantenimiento-de-jardines-y-piscinas-en-sotogrande\/","og_site_name":"Sotogrande Projects","article_publisher":"https:\/\/www.facebook.com\/sotograndeprojects","article_modified_time":"2025-01-13T17:23:18+00:00","og_image":[{"width":2560,"height":1709,"url":"https:\/\/www.sotograndeprojects.com\/wp-content\/uploads\/garden-pool-maintenance-sotogrande-scaled.jpg","type":"image\/jpeg"}],"twitter_card":"summary_large_image","twitter_site":"@sotograndepro","twitter_misc":{"Tiempo de lectura":"4 minutos"},"schema":{"@context":"https:\/\/schema.org","@graph":[{"@type":"WebPage","@id":"https:\/\/www.sotograndeprojects.com\/garden-and-pool-maintenance-in-sotogrande\/","url":"https:\/\/www.sotograndeprojects.com\/garden-and-pool-maintenance-in-sotogrande\/","name":"Mantenimiento de Jardines y Piscinas en Sotogrande - Proyectos Sotogrande","isPartOf":{"@id":"https:\/\/www.sotograndeprojects.com\/#website"},"primaryImageOfPage":{"@id":"https:\/\/www.sotograndeprojects.com\/garden-and-pool-maintenance-in-sotogrande\/#primaryimage"},"image":{"@id":"https:\/\/www.sotograndeprojects.com\/garden-and-pool-maintenance-in-sotogrande\/#primaryimage"},"thumbnailUrl":"https:\/\/www.sotograndeprojects.com\/wp-content\/uploads\/garden-pool-maintenance-sotogrande-scaled.jpg","datePublished":"2025-01-13T17:13:38+00:00","dateModified":"2025-01-13T17:23:18+00:00","description":"Servicios profesionales de mantenimiento de jardines y piscinas en Sotogrande, Alcaidesa y San Roque Club y alrededores. Mantenga sus espacios exteriores impecables.","breadcrumb":{"@id":"https:\/\/www.sotograndeprojects.com\/garden-and-pool-maintenance-in-sotogrande\/#breadcrumb"},"inLanguage":"es","potentialAction":[{"@type":"ReadAction","target":["https:\/\/www.sotograndeprojects.com\/garden-and-pool-maintenance-in-sotogrande\/"]}]},{"@type":"ImageObject","inLanguage":"es","@id":"https:\/\/www.sotograndeprojects.com\/garden-and-pool-maintenance-in-sotogrande\/#primaryimage","url":"https:\/\/www.sotograndeprojects.com\/wp-content\/uploads\/garden-pool-maintenance-sotogrande-scaled.jpg","contentUrl":"https:\/\/www.sotograndeprojects.com\/wp-content\/uploads\/garden-pool-maintenance-sotogrande-scaled.jpg","width":2560,"height":1709,"caption":"Garden and Swimming Pool Maintenance in Sotogrande"},{"@type":"BreadcrumbList","@id":"https:\/\/www.sotograndeprojects.com\/garden-and-pool-maintenance-in-sotogrande\/#breadcrumb","itemListElement":[{"@type":"ListItem","position":1,"name":"Home","item":"https:\/\/www.sotograndeprojects.com\/"},{"@type":"ListItem","position":2,"name":"Garden and Pool Maintenance in Sotogrande"}]},{"@type":"WebSite","@id":"https:\/\/www.sotograndeprojects.com\/#website","url":"https:\/\/www.sotograndeprojects.com\/","name":"Sotogrande Projects","description":"Servicios de construcci\u00f3n, reformas, jardiner\u00eda y limpieza en Sotogrande","potentialAction":[{"@type":"SearchAction","target":{"@type":"EntryPoint","urlTemplate":"https:\/\/www.sotograndeprojects.com\/?s={search_term_string}"},"query-input":{"@type":"PropertyValueSpecification","valueRequired":true,"valueName":"search_term_string"}}],"inLanguage":"es"}]}},"_links":{"self":[{"href":"https:\/\/www.sotograndeprojects.com\/es\/wp-json\/wp\/v2\/pages\/480","targetHints":{"allow":["GET"]}}],"collection":[{"href":"https:\/\/www.sotograndeprojects.com\/es\/wp-json\/wp\/v2\/pages"}],"about":[{"href":"https:\/\/www.sotograndeprojects.com\/es\/wp-json\/wp\/v2\/types\/page"}],"author":[{"embeddable":true,"href":"https:\/\/www.sotograndeprojects.com\/es\/wp-json\/wp\/v2\/users\/1"}],"replies":[{"embeddable":true,"href":"https:\/\/www.sotograndeprojects.com\/es\/wp-json\/wp\/v2\/comments?post=480"}],"version-history":[{"count":5,"href":"https:\/\/www.sotograndeprojects.com\/es\/wp-json\/wp\/v2\/pages\/480\/revisions"}],"predecessor-version":[{"id":488,"href":"https:\/\/www.sotograndeprojects.com\/es\/wp-json\/wp\/v2\/pages\/480\/revisions\/488"}],"wp:featuredmedia":[{"embeddable":true,"href":"https:\/\/www.sotograndeprojects.com\/es\/wp-json\/wp\/v2\/media\/483"}],"wp:attachment":[{"href":"https:\/\/www.sotograndeprojects.com\/es\/wp-json\/wp\/v2\/media?parent=480"}],"curies":[{"name":"wp","href":"https:\/\/api.w.org\/{rel}","templated":true}]}}