{"id":489,"date":"2025-01-13T19:04:21","date_gmt":"2025-01-13T19:04:21","guid":{"rendered":"https:\/\/www.sotograndeprojects.com\/?page_id=489"},"modified":"2025-01-13T19:39:36","modified_gmt":"2025-01-13T19:39:36","slug":"poda-de-palmeras-en-sotogrande","status":"publish","type":"page","link":"https:\/\/www.sotograndeprojects.com\/es\/palm-tree-pruning-in-sotogrande\/","title":{"rendered":"Poda de palmeras en Sotogrande"},"content":{"rendered":"<p>Las palmeras son un s\u00edmbolo de elegancia y encanto tropical, pero mantener su belleza ic\u00f3nica requiere cuidados profesionales. En <strong>Sotogrande Projects<\/strong>, nos especializamos en la prestaci\u00f3n de servicios expertos adaptados a la poda de palmeras para satisfacer las necesidades \u00fanicas de sus palmeras. Ya sea para propiedades residenciales o comerciales, nuestro equipo se asegura de que sus palmeras permanezcan sanas, seguras y visualmente impresionantes.<\/p>\n<h3><strong>\u00bfPor qu\u00e9 podar las palmeras?<\/strong><\/h3>\n<p>Las palmeras, aunque resistentes, necesitan una poda regular para mantener su estructura y aspecto. El descuido de este mantenimiento vital puede conducir a riesgos de seguridad, infestaciones de plagas, y la disminuci\u00f3n de atractivo del entorno. \u00c9stos son algunos de los principales beneficios de la poda profesional de palmeras:<\/p>\n<ul>\n<li><strong>Favorece la salud de los \u00e1rboles<\/strong>: Eliminar las hojas muertas o da\u00f1adas ayuda a prevenir la propagaci\u00f3n de plagas y enfermedades, manteniendo sus palmeras vivas y sanas.<\/li>\n<li><strong>Mejora la seguridad<\/strong>: Las frondas crecidas o moribundas pueden caer inesperadamente, representando un riesgo potencial para personas, veh\u00edculos y propiedades.<\/li>\n<li><strong>Aumenta el valor de la propiedad<\/strong>: Las palmeras bien podadas realzan el atractivo est\u00e9tico general de su propiedad, creando un aspecto limpio y pulido.<\/li>\n<li><strong>Favorece un crecimiento adecuado<\/strong>: La poda redirige los nutrientes esenciales a las partes m\u00e1s sanas del \u00e1rbol, fomentando un crecimiento fuerte y sostenible.<\/li>\n<\/ul>\n<h3><strong>Nuestro proceso integral de poda<\/strong><\/h3>\n<p>En <strong>Sotogrande Projects<\/strong>, combinamos una amplia experiencia con herramientas de vanguardia para ofrecer resultados superiores. Cada paso de nuestro proceso de poda est\u00e1 dise\u00f1ado para priorizar la salud de sus palmeras y la seguridad de su propiedad.<\/p>\n<ol>\n<li><strong>Evaluaci\u00f3n<\/strong>: Comenzamos con una evaluaci\u00f3n exhaustiva de sus palmeras, valorando su estado, especie y necesidades de poda.<\/li>\n<li><strong>Eliminaci\u00f3n selectiva de frondas<\/strong>: Mediante t\u00e9cnicas expertas, eliminamos las frondas muertas, enfermas o demasiado crecidas para mejorar la estructura del \u00e1rbol sin causarle da\u00f1os.<\/li>\n<li><strong>Gesti\u00f3n de vainas y frutos<\/strong>: Los frutos no deseados y las vainas de semillas se eliminan para evitar desorden innecesario, atracci\u00f3n de plagas o tensi\u00f3n en el \u00e1rbol.<\/li>\n<li><strong>Medidas de seguridad<\/strong>: Seguimos estrictos protocolos de seguridad, garantizando que el proceso de poda se lleve a cabo de forma eficiente y sin riesgos para su propiedad.<\/li>\n<li><strong>Limpieza completa<\/strong>: Una vez finalizada la poda, limpiamos todos los restos, dejando su espacio exterior inmaculado y listo para disfrutar.<\/li>\n<\/ol>\n<p><img fetchpriority=\"high\" decoding=\"async\" class=\"alignnone size-large wp-image-491\" src=\"https:\/\/www.sotograndeprojects.com\/wp-content\/uploads\/palm-trees-sotogrande-1024x682.jpg\" alt=\"Palmeras en Sotogrande\" width=\"1024\" height=\"682\" srcset=\"https:\/\/www.sotograndeprojects.com\/wp-content\/uploads\/palm-trees-sotogrande-1024x682.jpg 1024w, https:\/\/www.sotograndeprojects.com\/wp-content\/uploads\/palm-trees-sotogrande-300x200.jpg 300w, https:\/\/www.sotograndeprojects.com\/wp-content\/uploads\/palm-trees-sotogrande-768x512.jpg 768w, https:\/\/www.sotograndeprojects.com\/wp-content\/uploads\/palm-trees-sotogrande-18x12.jpg 18w, https:\/\/www.sotograndeprojects.com\/wp-content\/uploads\/palm-trees-sotogrande.jpg 1280w\" sizes=\"(max-width: 1024px) 100vw, 1024px\" \/><\/p>\n<h3><strong>\u00bfPor qu\u00e9 elegir Sotogrande Projects?<\/strong><\/h3>\n<p>Como proveedor de confianza de servicios de paisajismo y arboricultura, <strong>Sotogrande Projects<\/strong> se compromete a ofrecer una calidad excepcional y soluciones personalizadas. He aqu\u00ed por qu\u00e9 nuestros clientes conf\u00edan en nosotros para el cuidado y poda de sus palmeras:<\/p>\n<ul>\n<li><strong>Conocimientos especializados<\/strong>: Con a\u00f1os de experiencia en el mantenimiento de palmeras, nuestro equipo comprende los entresijos de trabajar con diversas especies.<\/li>\n<li><strong>Atenci\u00f3n personalizada<\/strong>: Reconocemos que cada palmera es \u00fanica, y personalizamos nuestro enfoque para adaptarnos a los requisitos espec\u00edficos de sus \u00e1rboles.<\/li>\n<li><strong>Enfoque centrado en la seguridad<\/strong>: Su propiedad y sus palmeras est\u00e1n en buenas manos con nuestro equipo totalmente formado y asegurado.<\/li>\n<li><strong>Compromiso con la excelencia<\/strong>: Nos enorgullecemos de superar las expectativas, garantizando que cada proyecto de poda mejore la salud y la belleza de su paisaje.<\/li>\n<\/ul>\n<h3><strong>Preguntas frecuentes sobre la poda de palmeras<\/strong><\/h3>\n<h4><strong>\u00bfCu\u00e1l es el mejor mes para podar palmeras?<\/strong><\/h4>\n<p>El mejor momento para podar las palmeras suele ser a finales de primavera o principios de verano. Este momento permite al \u00e1rbol desprenderse de sus hojas m\u00e1s viejas de forma natural y lo prepara para un crecimiento \u00f3ptimo durante los meses m\u00e1s c\u00e1lidos. Sin embargo, en el clima templado de Sotogrande, la poda de palmeras puede programarse durante todo el a\u00f1o, dependiendo de las necesidades espec\u00edficas del \u00e1rbol.<\/p>\n<h4><strong>\u00bfSe puede podar demasiado una palmera?<\/strong><\/h4>\n<p>S\u00ed, la poda excesiva puede da\u00f1ar una palmera. Eliminar demasiadas hojas a la vez puede debilitar la palmera, interrumpir su flujo natural de nutrientes y hacerla vulnerable a plagas y enfermedades. En <strong>Sotogrande Projects<\/strong>evaluamos cuidadosamente cada \u00e1rbol para asegurarnos de que s\u00f3lo se eliminan las frondas necesarias, preservando la salud y el aspecto del \u00e1rbol.<\/p>\n<h4><strong>\u00bfCu\u00e1ndo se pueden podar las palmeras?<\/strong><\/h4>\n<p>Las palmeras se pueden podar durante todo el a\u00f1o, pero es mejor evitar hacerlo en \u00e9pocas de calor o fr\u00edo extremos. Lo ideal es a finales de primavera o principios de verano, ya que el \u00e1rbol entra en su fase de crecimiento. La poda de emergencia por motivos de seguridad, como la eliminaci\u00f3n de frondas peligrosas, puede hacerse en cualquier momento.<\/p>\n<h4><strong>\u00bfPuedo cortar una rama de mi palmera?<\/strong><\/h4>\n<p>Las palmeras no tienen \"ramas\" tradicionales. Las frondas crecen directamente de la copa del \u00e1rbol. Aunque se pueden eliminar las hojas muertas o da\u00f1adas, es esencial hacerlo con cuidado para no da\u00f1ar el \u00e1rbol. Para obtener los mejores resultados, se recomienda contratar a profesionales como <strong>Sotogrande Projects<\/strong>, que tienen la experiencia y las herramientas necesarias para podar palmeras de forma segura y eficaz.<\/p>\n<h3><strong>Preservar la belleza de Sotogrande con cada poda<\/strong><\/h3>\n<p>En <strong>Sotogrande Projects<\/strong>, creemos que unas palmeras bien cuidadas son una inversi\u00f3n en el encanto y el valor de su propiedad. Nuestros servicios expertos de poda ayudan a mantener el aspecto impecable de sus palmeras, al mismo tiempo que favorecen su salud a largo plazo. Si usted requiere un mantenimiento regular o una sesi\u00f3n de poda de una sola vez, estamos aqu\u00ed para proporcionar un servicio excepcional.<\/p>\n<hr \/>\n<p style=\"text-align: center;\">Obtenga un presupuesto de poda de palmeras.<\/p>\n<p style=\"text-align: center;\"><strong><a href=\"https:\/\/api.whatsapp.com\/send\/?phone=34684465277\">Perm\u00edtanos ayudarle a mantener sus palmeras con el mejor aspecto durante todo el a\u00f1o.<\/a><\/strong><\/p>","protected":false},"excerpt":{"rendered":"<p>Las palmeras son un s\u00edmbolo de elegancia y encanto tropical, pero mantener su belleza ic\u00f3nica requiere cuidados profesionales. En Proyectos Sotogrande, nos especializamos en la prestaci\u00f3n de servicios de poda de palmeras expertos adaptados para satisfacer las necesidades \u00fanicas de sus palmeras. Ya sea para propiedades residenciales o comerciales, nuestro equipo se asegura de que sus palmeras permanezcan sanas, seguras y ... <a title=\"Poda de palmeras en Sotogrande\" class=\"read-more\" href=\"https:\/\/www.sotograndeprojects.com\/es\/palm-tree-pruning-in-sotogrande\/\" aria-label=\"Leer m\u00e1s sobre Poda de palmeras en Sotogrande\">Leer m\u00e1s<\/a><\/p>","protected":false},"author":1,"featured_media":490,"parent":0,"menu_order":0,"comment_status":"closed","ping_status":"closed","template":"","meta":{"footnotes":""},"class_list":["post-489","page","type-page","status-publish","has-post-thumbnail"],"yoast_head":"<!-- This site is optimized with the Yoast SEO plugin v27.5 - https:\/\/yoast.com\/product\/yoast-seo-wordpress\/ -->\n<title>Palm Tree Pruning in Sotogrande - Sotogrande Projects<\/title>\n<meta name=\"description\" content=\"Professional palm tree pruning services by Sotogrande Projects. Enhance the health, safety, and beauty of your palm trees in Sotogrande.\" \/>\n<meta name=\"robots\" content=\"index, follow, max-snippet:-1, max-image-preview:large, max-video-preview:-1\" \/>\n<link rel=\"canonical\" href=\"https:\/\/www.sotograndeprojects.com\/es\/poda-de-palmeras-en-sotogrande\/\" \/>\n<meta property=\"og:locale\" content=\"es_ES\" \/>\n<meta property=\"og:type\" content=\"article\" \/>\n<meta property=\"og:title\" content=\"Palm Tree Pruning in Sotogrande - Sotogrande Projects\" \/>\n<meta property=\"og:description\" content=\"Professional palm tree pruning services by Sotogrande Projects. Enhance the health, safety, and beauty of your palm trees in Sotogrande.\" \/>\n<meta property=\"og:url\" content=\"https:\/\/www.sotograndeprojects.com\/es\/poda-de-palmeras-en-sotogrande\/\" \/>\n<meta property=\"og:site_name\" content=\"Sotogrande Projects\" \/>\n<meta property=\"article:publisher\" content=\"https:\/\/www.facebook.com\/sotograndeprojects\" \/>\n<meta property=\"article:modified_time\" content=\"2025-01-13T19:39:36+00:00\" \/>\n<meta property=\"og:image\" content=\"https:\/\/www.sotograndeprojects.com\/wp-content\/uploads\/palm-tree-pruning.jpg\" \/>\n\t<meta property=\"og:image:width\" content=\"1280\" \/>\n\t<meta property=\"og:image:height\" content=\"853\" \/>\n\t<meta property=\"og:image:type\" content=\"image\/jpeg\" \/>\n<meta name=\"twitter:card\" content=\"summary_large_image\" \/>\n<meta name=\"twitter:site\" content=\"@sotograndepro\" \/>\n<meta name=\"twitter:label1\" content=\"Tiempo de lectura\" \/>\n\t<meta name=\"twitter:data1\" content=\"4 minutos\" \/>\n<script type=\"application\/ld+json\" class=\"yoast-schema-graph\">{\"@context\":\"https:\\\/\\\/schema.org\",\"@graph\":[{\"@type\":\"WebPage\",\"@id\":\"https:\\\/\\\/www.sotograndeprojects.com\\\/palm-tree-pruning-in-sotogrande\\\/\",\"url\":\"https:\\\/\\\/www.sotograndeprojects.com\\\/palm-tree-pruning-in-sotogrande\\\/\",\"name\":\"Palm Tree Pruning in Sotogrande - Sotogrande Projects\",\"isPartOf\":{\"@id\":\"https:\\\/\\\/www.sotograndeprojects.com\\\/#website\"},\"primaryImageOfPage\":{\"@id\":\"https:\\\/\\\/www.sotograndeprojects.com\\\/palm-tree-pruning-in-sotogrande\\\/#primaryimage\"},\"image\":{\"@id\":\"https:\\\/\\\/www.sotograndeprojects.com\\\/palm-tree-pruning-in-sotogrande\\\/#primaryimage\"},\"thumbnailUrl\":\"https:\\\/\\\/www.sotograndeprojects.com\\\/wp-content\\\/uploads\\\/palm-tree-pruning.jpg\",\"datePublished\":\"2025-01-13T19:04:21+00:00\",\"dateModified\":\"2025-01-13T19:39:36+00:00\",\"description\":\"Professional palm tree pruning services by Sotogrande Projects. Enhance the health, safety, and beauty of your palm trees in Sotogrande.\",\"breadcrumb\":{\"@id\":\"https:\\\/\\\/www.sotograndeprojects.com\\\/palm-tree-pruning-in-sotogrande\\\/#breadcrumb\"},\"inLanguage\":\"es\",\"potentialAction\":[{\"@type\":\"ReadAction\",\"target\":[\"https:\\\/\\\/www.sotograndeprojects.com\\\/palm-tree-pruning-in-sotogrande\\\/\"]}]},{\"@type\":\"ImageObject\",\"inLanguage\":\"es\",\"@id\":\"https:\\\/\\\/www.sotograndeprojects.com\\\/palm-tree-pruning-in-sotogrande\\\/#primaryimage\",\"url\":\"https:\\\/\\\/www.sotograndeprojects.com\\\/wp-content\\\/uploads\\\/palm-tree-pruning.jpg\",\"contentUrl\":\"https:\\\/\\\/www.sotograndeprojects.com\\\/wp-content\\\/uploads\\\/palm-tree-pruning.jpg\",\"width\":1280,\"height\":853,\"caption\":\"Palm Tree Pruning in Sotogrande\"},{\"@type\":\"BreadcrumbList\",\"@id\":\"https:\\\/\\\/www.sotograndeprojects.com\\\/palm-tree-pruning-in-sotogrande\\\/#breadcrumb\",\"itemListElement\":[{\"@type\":\"ListItem\",\"position\":1,\"name\":\"Home\",\"item\":\"https:\\\/\\\/www.sotograndeprojects.com\\\/\"},{\"@type\":\"ListItem\",\"position\":2,\"name\":\"Palm Tree Pruning in Sotogrande\"}]},{\"@type\":\"WebSite\",\"@id\":\"https:\\\/\\\/www.sotograndeprojects.com\\\/#website\",\"url\":\"https:\\\/\\\/www.sotograndeprojects.com\\\/\",\"name\":\"Sotogrande Projects\",\"description\":\"Building, Renovation, Garden and Cleaning Services in Sotogrande\",\"potentialAction\":[{\"@type\":\"SearchAction\",\"target\":{\"@type\":\"EntryPoint\",\"urlTemplate\":\"https:\\\/\\\/www.sotograndeprojects.com\\\/?s={search_term_string}\"},\"query-input\":{\"@type\":\"PropertyValueSpecification\",\"valueRequired\":true,\"valueName\":\"search_term_string\"}}],\"inLanguage\":\"es\"}]}<\/script>\n<!-- \/ Yoast SEO plugin. -->","yoast_head_json":{"title":"Poda de Palmeras en Sotogrande - Proyectos Sotogrande","description":"Servicios profesionales de poda de palmeras por Proyectos Sotogrande. Mejore la salud, seguridad y belleza de sus palmeras en Sotogrande.","robots":{"index":"index","follow":"follow","max-snippet":"max-snippet:-1","max-image-preview":"max-image-preview:large","max-video-preview":"max-video-preview:-1"},"canonical":"https:\/\/www.sotograndeprojects.com\/es\/poda-de-palmeras-en-sotogrande\/","og_locale":"es_ES","og_type":"article","og_title":"Palm Tree Pruning in Sotogrande - Sotogrande Projects","og_description":"Professional palm tree pruning services by Sotogrande Projects. Enhance the health, safety, and beauty of your palm trees in Sotogrande.","og_url":"https:\/\/www.sotograndeprojects.com\/es\/poda-de-palmeras-en-sotogrande\/","og_site_name":"Sotogrande Projects","article_publisher":"https:\/\/www.facebook.com\/sotograndeprojects","article_modified_time":"2025-01-13T19:39:36+00:00","og_image":[{"width":1280,"height":853,"url":"https:\/\/www.sotograndeprojects.com\/wp-content\/uploads\/palm-tree-pruning.jpg","type":"image\/jpeg"}],"twitter_card":"summary_large_image","twitter_site":"@sotograndepro","twitter_misc":{"Tiempo de lectura":"4 minutos"},"schema":{"@context":"https:\/\/schema.org","@graph":[{"@type":"WebPage","@id":"https:\/\/www.sotograndeprojects.com\/palm-tree-pruning-in-sotogrande\/","url":"https:\/\/www.sotograndeprojects.com\/palm-tree-pruning-in-sotogrande\/","name":"Poda de Palmeras en Sotogrande - Proyectos Sotogrande","isPartOf":{"@id":"https:\/\/www.sotograndeprojects.com\/#website"},"primaryImageOfPage":{"@id":"https:\/\/www.sotograndeprojects.com\/palm-tree-pruning-in-sotogrande\/#primaryimage"},"image":{"@id":"https:\/\/www.sotograndeprojects.com\/palm-tree-pruning-in-sotogrande\/#primaryimage"},"thumbnailUrl":"https:\/\/www.sotograndeprojects.com\/wp-content\/uploads\/palm-tree-pruning.jpg","datePublished":"2025-01-13T19:04:21+00:00","dateModified":"2025-01-13T19:39:36+00:00","description":"Servicios profesionales de poda de palmeras por Proyectos Sotogrande. Mejore la salud, seguridad y belleza de sus palmeras en Sotogrande.","breadcrumb":{"@id":"https:\/\/www.sotograndeprojects.com\/palm-tree-pruning-in-sotogrande\/#breadcrumb"},"inLanguage":"es","potentialAction":[{"@type":"ReadAction","target":["https:\/\/www.sotograndeprojects.com\/palm-tree-pruning-in-sotogrande\/"]}]},{"@type":"ImageObject","inLanguage":"es","@id":"https:\/\/www.sotograndeprojects.com\/palm-tree-pruning-in-sotogrande\/#primaryimage","url":"https:\/\/www.sotograndeprojects.com\/wp-content\/uploads\/palm-tree-pruning.jpg","contentUrl":"https:\/\/www.sotograndeprojects.com\/wp-content\/uploads\/palm-tree-pruning.jpg","width":1280,"height":853,"caption":"Palm Tree Pruning in Sotogrande"},{"@type":"BreadcrumbList","@id":"https:\/\/www.sotograndeprojects.com\/palm-tree-pruning-in-sotogrande\/#breadcrumb","itemListElement":[{"@type":"ListItem","position":1,"name":"Home","item":"https:\/\/www.sotograndeprojects.com\/"},{"@type":"ListItem","position":2,"name":"Palm Tree Pruning in Sotogrande"}]},{"@type":"WebSite","@id":"https:\/\/www.sotograndeprojects.com\/#website","url":"https:\/\/www.sotograndeprojects.com\/","name":"Sotogrande Projects","description":"Servicios de construcci\u00f3n, reformas, jardiner\u00eda y limpieza en Sotogrande","potentialAction":[{"@type":"SearchAction","target":{"@type":"EntryPoint","urlTemplate":"https:\/\/www.sotograndeprojects.com\/?s={search_term_string}"},"query-input":{"@type":"PropertyValueSpecification","valueRequired":true,"valueName":"search_term_string"}}],"inLanguage":"es"}]}},"_links":{"self":[{"href":"https:\/\/www.sotograndeprojects.com\/es\/wp-json\/wp\/v2\/pages\/489","targetHints":{"allow":["GET"]}}],"collection":[{"href":"https:\/\/www.sotograndeprojects.com\/es\/wp-json\/wp\/v2\/pages"}],"about":[{"href":"https:\/\/www.sotograndeprojects.com\/es\/wp-json\/wp\/v2\/types\/page"}],"author":[{"embeddable":true,"href":"https:\/\/www.sotograndeprojects.com\/es\/wp-json\/wp\/v2\/users\/1"}],"replies":[{"embeddable":true,"href":"https:\/\/www.sotograndeprojects.com\/es\/wp-json\/wp\/v2\/comments?post=489"}],"version-history":[{"count":3,"href":"https:\/\/www.sotograndeprojects.com\/es\/wp-json\/wp\/v2\/pages\/489\/revisions"}],"predecessor-version":[{"id":498,"href":"https:\/\/www.sotograndeprojects.com\/es\/wp-json\/wp\/v2\/pages\/489\/revisions\/498"}],"wp:featuredmedia":[{"embeddable":true,"href":"https:\/\/www.sotograndeprojects.com\/es\/wp-json\/wp\/v2\/media\/490"}],"wp:attachment":[{"href":"https:\/\/www.sotograndeprojects.com\/es\/wp-json\/wp\/v2\/media?parent=489"}],"curies":[{"name":"wp","href":"https:\/\/api.w.org\/{rel}","templated":true}]}}