{"id":499,"date":"2025-01-13T20:08:02","date_gmt":"2025-01-13T20:08:02","guid":{"rendered":"https:\/\/www.sotograndeprojects.com\/?page_id=499"},"modified":"2025-01-13T20:12:07","modified_gmt":"2025-01-13T20:12:07","slug":"fontanero-en-sotogrande","status":"publish","type":"page","link":"https:\/\/www.sotograndeprojects.com\/es\/plumber-in-sotogrande\/","title":{"rendered":"Fontanero en Sotogrande"},"content":{"rendered":"<p>\u00bfBusca un fontanero en Sotogrande? En <strong>Sotogrande Projects<\/strong>, nos especializamos en ofrecer soluciones profesionales de fontaner\u00eda adaptadas a las necesidades espec\u00edficas de las propiedades en Sotogrande y sus alrededores. Los sistemas de fontaner\u00eda son una parte crucial de cualquier hogar o negocio, ya que garantizan el acceso a agua limpia, un drenaje eficiente y el correcto funcionamiento de los accesorios esenciales. Tanto si est\u00e1 planeando una reforma importante, como si necesita nuevas instalaciones de fontaner\u00eda o servicios fiables de mantenimiento y reparaci\u00f3n, nuestro experimentado equipo est\u00e1 aqu\u00ed para ayudarle. Trabajamos con herramientas y t\u00e9cnicas modernas para ofrecer soluciones eficaces y duraderas, garantizando que su sistema de fontaner\u00eda funcione a la perfecci\u00f3n.<\/p>\n<h2><strong>Instalaci\u00f3n y mejoras de fontaner\u00eda<\/strong><\/h2>\n<p>Cuando se trata de nuevas instalaciones de fontaner\u00eda, la precisi\u00f3n y la calidad son esenciales para garantizar un rendimiento y una durabilidad \u00f3ptimos. En <strong>Sotogrande Projects<\/strong>, proporcionamos servicios expertos de instalaci\u00f3n de fontaner\u00eda para hogares, propiedades vacacionales y empresas. Ya sea que est\u00e9 equipando una nueva cocina, actualizando su cuarto de ba\u00f1o o instalando un calentador de agua de \u00faltima generaci\u00f3n, utilizamos materiales de alta calidad y seguimos las mejores pr\u00e1cticas de la industria para ofrecer resultados que satisfagan sus necesidades espec\u00edficas. La actualizaci\u00f3n de su sistema de fontaner\u00eda tambi\u00e9n puede mejorar la eficiencia del agua y reducir las facturas de servicios p\u00fablicos, por lo que es una inversi\u00f3n inteligente para su propiedad. Nuestro equipo trabaja en estrecha colaboraci\u00f3n con los clientes para comprender sus necesidades y dise\u00f1ar soluciones de fontaner\u00eda que se adapten a su estilo de vida y a la distribuci\u00f3n de sus espacios.<\/p>\n<h2><strong>Reparaciones y mantenimiento de fontaner\u00eda<\/strong><\/h2>\n<p>El mantenimiento regular y las reparaciones a tiempo son fundamentales para garantizar que su sistema de fontaner\u00eda se mantenga en las mejores condiciones. Los problemas de fontaner\u00eda, como fugas, desag\u00fces obstruidos o fluctuaciones en la presi\u00f3n del agua, pueden causar importantes molestias e incluso provocar costosos da\u00f1os si no se solucionan a tiempo. En <strong>Sotogrande Projects<\/strong>, nos centramos en identificar y resolver los problemas en su origen, proporcionando reparaciones exhaustivas y eficaces que resisten el paso del tiempo. Nuestros servicios de mantenimiento est\u00e1n dise\u00f1ados para prevenir problemas comunes de fontaner\u00eda, ayud\u00e1ndole a evitar aver\u00edas inesperadas y prolongar la vida de su sistema. Ya se trate de la reparaci\u00f3n de una tuber\u00eda con fugas, desatascar un desag\u00fce obstinado, o hacer frente a cuestiones m\u00e1s complejas, damos prioridad a la eficiencia y la atenci\u00f3n al detalle en cada trabajo que realizamos.<\/p>\n<h2><strong>Servicios de fontaner\u00eda de emergencia<\/strong><\/h2>\n<p>Las emergencias de fontaner\u00eda pueden surgir sin previo aviso, perturbando su vida cotidiana y pudiendo causar da\u00f1os importantes a su propiedad. La rotura de tuber\u00edas, las fugas importantes y los atascos de alcantarillado son s\u00f3lo algunos de los problemas urgentes que requieren atenci\u00f3n profesional inmediata. En <strong>Sotogrande Projects<\/strong>, le ofrecemos un servicio de fontaner\u00eda de emergencia para resolver estas situaciones de forma r\u00e1pida y eficaz. Nuestros fontaneros experimentados est\u00e1n equipados con las herramientas y los conocimientos necesarios para diagnosticar y resolver las emergencias, minimizando las interrupciones y evitando da\u00f1os mayores a su hogar o negocio. Entendemos la importancia de actuar con rapidez en estas situaciones y estamos comprometidos a restaurar su sistema de plomer\u00eda a la plena funcionalidad de la manera m\u00e1s eficiente posible.<\/p>\n<h2><strong>Fontaner\u00eda para reformas y proyectos a medida<\/strong><\/h2>\n<p>Renovar su propiedad en Sotogrande a menudo implica replantearse la distribuci\u00f3n y funcionalidad de espacios clave como ba\u00f1os y cocinas. La fontaner\u00eda desempe\u00f1a un papel fundamental en estas transformaciones, y en <strong>Sotogrande Projects<\/strong>, estamos especializados en el dise\u00f1o y la ejecuci\u00f3n de sistemas de fontaner\u00eda para proyectos de renovaci\u00f3n. Tanto si est\u00e1 creando un ba\u00f1o moderno con accesorios de lujo como si est\u00e1 actualizando una cocina para instalar nuevos electrodom\u00e9sticos, nuestro equipo se asegura de que su fontaner\u00eda se integre perfectamente en el dise\u00f1o. Tambi\u00e9n nos centramos en soluciones de eficiencia energ\u00e9tica y ahorro de agua que se ajusten a los est\u00e1ndares contempor\u00e1neos, ayud\u00e1ndole a reducir su huella medioambiental a la vez que mejora el valor de su propiedad.<\/p>\n<h2><strong>Fontaner\u00eda en Sotogrande<\/strong><\/h2>\n<p>Nuestro profundo conocimiento de las condiciones locales de Sotogrande nos permite ofrecer soluciones de fontaner\u00eda adaptadas a los retos espec\u00edficos de la zona. Desde solucionar los problemas causados por el agua dura hasta cumplir con las normativas locales de construcci\u00f3n, nos aseguramos de que cada proyecto se complete con los m\u00e1s altos est\u00e1ndares. Con a\u00f1os de experiencia trabajando en una amplia variedad de propiedades, incluyendo villas de lujo, casas de vacaciones y espacios comerciales, aportamos un nivel de profesionalidad y fiabilidad que nos distingue. Nuestro objetivo es proporcionar servicios de fontaner\u00eda sin complicaciones que le den tranquilidad, tanto si se trata de una tarea de mantenimiento rutinario como de una instalaci\u00f3n m\u00e1s compleja.<\/p>\n<p>Si busca servicios profesionales de fontaner\u00eda en Sotogrande, estamos aqu\u00ed para ayudarle. Tanto si se trata de una peque\u00f1a reparaci\u00f3n como de un proyecto de mayor envergadura, nuestro equipo se compromete a ofrecer soluciones pr\u00e1cticas que satisfagan sus necesidades.<\/p>\n<hr \/>\n<p style=\"text-align: center;\">Tanto si se trata de una peque\u00f1a reparaci\u00f3n como de un proyecto de mayor envergadura, nuestro equipo se compromete a ofrecer soluciones pr\u00e1cticas que satisfagan sus necesidades.<\/p>\n<p style=\"text-align: center;\"><strong><a href=\"https:\/\/api.whatsapp.com\/send\/?phone=34684465277\">P\u00f3ngase en contacto con Sotogrande Projects y d\u00edganos lo que nuestro fontanero puede hacer por usted.<\/a><\/strong>.<\/p>","protected":false},"excerpt":{"rendered":"<p>\u00bfEst\u00e1 buscando un fontanero en Sotogrande? En Sotogrande Projects, nos especializamos en ofrecer soluciones profesionales de fontaner\u00eda adaptadas a las necesidades \u00fanicas de las propiedades en Sotogrande y sus alrededores. Los sistemas de fontaner\u00eda son una parte crucial de cualquier hogar o negocio, garantizando el acceso a agua limpia, un drenaje eficiente y el correcto funcionamiento de los accesorios esenciales. ... <a title=\"Fontanero en Sotogrande\" class=\"read-more\" href=\"https:\/\/www.sotograndeprojects.com\/es\/plumber-in-sotogrande\/\" aria-label=\"Leer m\u00e1s sobre Fontanero en Sotogrande\">Leer m\u00e1s<\/a><\/p>","protected":false},"author":1,"featured_media":500,"parent":0,"menu_order":0,"comment_status":"closed","ping_status":"closed","template":"","meta":{"footnotes":""},"class_list":["post-499","page","type-page","status-publish","has-post-thumbnail"],"yoast_head":"<!-- This site is optimized with the Yoast SEO plugin v27.4 - https:\/\/yoast.com\/product\/yoast-seo-wordpress\/ -->\n<title>Plumber in Sotogrande - Sotogrande Projects<\/title>\n<meta name=\"description\" content=\"Plumbers in Sotogrande: Reliable plumbing services in Sotogrande, including installations, repairs, maintenance, and emergency solutions.\" \/>\n<meta name=\"robots\" content=\"index, follow, max-snippet:-1, max-image-preview:large, max-video-preview:-1\" \/>\n<link rel=\"canonical\" href=\"https:\/\/www.sotograndeprojects.com\/es\/fontanero-en-sotogrande\/\" \/>\n<meta property=\"og:locale\" content=\"es_ES\" \/>\n<meta property=\"og:type\" content=\"article\" \/>\n<meta property=\"og:title\" content=\"Plumber in Sotogrande - Sotogrande Projects\" \/>\n<meta property=\"og:description\" content=\"Plumbers in Sotogrande: Reliable plumbing services in Sotogrande, including installations, repairs, maintenance, and emergency solutions.\" \/>\n<meta property=\"og:url\" content=\"https:\/\/www.sotograndeprojects.com\/es\/fontanero-en-sotogrande\/\" \/>\n<meta property=\"og:site_name\" content=\"Sotogrande Projects\" \/>\n<meta property=\"article:publisher\" content=\"https:\/\/www.facebook.com\/sotograndeprojects\" \/>\n<meta property=\"article:modified_time\" content=\"2025-01-13T20:12:07+00:00\" \/>\n<meta property=\"og:image\" content=\"https:\/\/www.sotograndeprojects.com\/wp-content\/uploads\/plumber-in-sotogrande.jpg\" \/>\n\t<meta property=\"og:image:width\" content=\"1280\" \/>\n\t<meta property=\"og:image:height\" content=\"853\" \/>\n\t<meta property=\"og:image:type\" content=\"image\/jpeg\" \/>\n<meta name=\"twitter:card\" content=\"summary_large_image\" \/>\n<meta name=\"twitter:site\" content=\"@sotograndepro\" \/>\n<meta name=\"twitter:label1\" content=\"Tiempo de lectura\" \/>\n\t<meta name=\"twitter:data1\" content=\"4 minutos\" \/>\n<script type=\"application\/ld+json\" class=\"yoast-schema-graph\">{\"@context\":\"https:\\\/\\\/schema.org\",\"@graph\":[{\"@type\":\"WebPage\",\"@id\":\"https:\\\/\\\/www.sotograndeprojects.com\\\/plumber-in-sotogrande\\\/\",\"url\":\"https:\\\/\\\/www.sotograndeprojects.com\\\/plumber-in-sotogrande\\\/\",\"name\":\"Plumber in Sotogrande - Sotogrande Projects\",\"isPartOf\":{\"@id\":\"https:\\\/\\\/www.sotograndeprojects.com\\\/#website\"},\"primaryImageOfPage\":{\"@id\":\"https:\\\/\\\/www.sotograndeprojects.com\\\/plumber-in-sotogrande\\\/#primaryimage\"},\"image\":{\"@id\":\"https:\\\/\\\/www.sotograndeprojects.com\\\/plumber-in-sotogrande\\\/#primaryimage\"},\"thumbnailUrl\":\"https:\\\/\\\/www.sotograndeprojects.com\\\/wp-content\\\/uploads\\\/plumber-in-sotogrande.jpg\",\"datePublished\":\"2025-01-13T20:08:02+00:00\",\"dateModified\":\"2025-01-13T20:12:07+00:00\",\"description\":\"Plumbers in Sotogrande: Reliable plumbing services in Sotogrande, including installations, repairs, maintenance, and emergency solutions.\",\"breadcrumb\":{\"@id\":\"https:\\\/\\\/www.sotograndeprojects.com\\\/plumber-in-sotogrande\\\/#breadcrumb\"},\"inLanguage\":\"es\",\"potentialAction\":[{\"@type\":\"ReadAction\",\"target\":[\"https:\\\/\\\/www.sotograndeprojects.com\\\/plumber-in-sotogrande\\\/\"]}]},{\"@type\":\"ImageObject\",\"inLanguage\":\"es\",\"@id\":\"https:\\\/\\\/www.sotograndeprojects.com\\\/plumber-in-sotogrande\\\/#primaryimage\",\"url\":\"https:\\\/\\\/www.sotograndeprojects.com\\\/wp-content\\\/uploads\\\/plumber-in-sotogrande.jpg\",\"contentUrl\":\"https:\\\/\\\/www.sotograndeprojects.com\\\/wp-content\\\/uploads\\\/plumber-in-sotogrande.jpg\",\"width\":1280,\"height\":853,\"caption\":\"Plumber in Sotogrande\"},{\"@type\":\"BreadcrumbList\",\"@id\":\"https:\\\/\\\/www.sotograndeprojects.com\\\/plumber-in-sotogrande\\\/#breadcrumb\",\"itemListElement\":[{\"@type\":\"ListItem\",\"position\":1,\"name\":\"Home\",\"item\":\"https:\\\/\\\/www.sotograndeprojects.com\\\/\"},{\"@type\":\"ListItem\",\"position\":2,\"name\":\"Plumber in Sotogrande\"}]},{\"@type\":\"WebSite\",\"@id\":\"https:\\\/\\\/www.sotograndeprojects.com\\\/#website\",\"url\":\"https:\\\/\\\/www.sotograndeprojects.com\\\/\",\"name\":\"Sotogrande Projects\",\"description\":\"Building, Renovation, Garden and Cleaning Services in Sotogrande\",\"potentialAction\":[{\"@type\":\"SearchAction\",\"target\":{\"@type\":\"EntryPoint\",\"urlTemplate\":\"https:\\\/\\\/www.sotograndeprojects.com\\\/?s={search_term_string}\"},\"query-input\":{\"@type\":\"PropertyValueSpecification\",\"valueRequired\":true,\"valueName\":\"search_term_string\"}}],\"inLanguage\":\"es\"}]}<\/script>\n<!-- \/ Yoast SEO plugin. -->","yoast_head_json":{"title":"Fontanero en Sotogrande - Proyectos Sotogrande","description":"Fontaneros en Sotogrande: Servicios fiables de fontaner\u00eda en Sotogrande, incluyendo instalaciones, reparaciones, mantenimiento y soluciones de emergencia.","robots":{"index":"index","follow":"follow","max-snippet":"max-snippet:-1","max-image-preview":"max-image-preview:large","max-video-preview":"max-video-preview:-1"},"canonical":"https:\/\/www.sotograndeprojects.com\/es\/fontanero-en-sotogrande\/","og_locale":"es_ES","og_type":"article","og_title":"Plumber in Sotogrande - Sotogrande Projects","og_description":"Plumbers in Sotogrande: Reliable plumbing services in Sotogrande, including installations, repairs, maintenance, and emergency solutions.","og_url":"https:\/\/www.sotograndeprojects.com\/es\/fontanero-en-sotogrande\/","og_site_name":"Sotogrande Projects","article_publisher":"https:\/\/www.facebook.com\/sotograndeprojects","article_modified_time":"2025-01-13T20:12:07+00:00","og_image":[{"width":1280,"height":853,"url":"https:\/\/www.sotograndeprojects.com\/wp-content\/uploads\/plumber-in-sotogrande.jpg","type":"image\/jpeg"}],"twitter_card":"summary_large_image","twitter_site":"@sotograndepro","twitter_misc":{"Tiempo de lectura":"4 minutos"},"schema":{"@context":"https:\/\/schema.org","@graph":[{"@type":"WebPage","@id":"https:\/\/www.sotograndeprojects.com\/plumber-in-sotogrande\/","url":"https:\/\/www.sotograndeprojects.com\/plumber-in-sotogrande\/","name":"Fontanero en Sotogrande - Proyectos Sotogrande","isPartOf":{"@id":"https:\/\/www.sotograndeprojects.com\/#website"},"primaryImageOfPage":{"@id":"https:\/\/www.sotograndeprojects.com\/plumber-in-sotogrande\/#primaryimage"},"image":{"@id":"https:\/\/www.sotograndeprojects.com\/plumber-in-sotogrande\/#primaryimage"},"thumbnailUrl":"https:\/\/www.sotograndeprojects.com\/wp-content\/uploads\/plumber-in-sotogrande.jpg","datePublished":"2025-01-13T20:08:02+00:00","dateModified":"2025-01-13T20:12:07+00:00","description":"Fontaneros en Sotogrande: Servicios fiables de fontaner\u00eda en Sotogrande, incluyendo instalaciones, reparaciones, mantenimiento y soluciones de emergencia.","breadcrumb":{"@id":"https:\/\/www.sotograndeprojects.com\/plumber-in-sotogrande\/#breadcrumb"},"inLanguage":"es","potentialAction":[{"@type":"ReadAction","target":["https:\/\/www.sotograndeprojects.com\/plumber-in-sotogrande\/"]}]},{"@type":"ImageObject","inLanguage":"es","@id":"https:\/\/www.sotograndeprojects.com\/plumber-in-sotogrande\/#primaryimage","url":"https:\/\/www.sotograndeprojects.com\/wp-content\/uploads\/plumber-in-sotogrande.jpg","contentUrl":"https:\/\/www.sotograndeprojects.com\/wp-content\/uploads\/plumber-in-sotogrande.jpg","width":1280,"height":853,"caption":"Plumber in Sotogrande"},{"@type":"BreadcrumbList","@id":"https:\/\/www.sotograndeprojects.com\/plumber-in-sotogrande\/#breadcrumb","itemListElement":[{"@type":"ListItem","position":1,"name":"Home","item":"https:\/\/www.sotograndeprojects.com\/"},{"@type":"ListItem","position":2,"name":"Plumber in Sotogrande"}]},{"@type":"WebSite","@id":"https:\/\/www.sotograndeprojects.com\/#website","url":"https:\/\/www.sotograndeprojects.com\/","name":"Sotogrande Projects","description":"Servicios de construcci\u00f3n, reformas, jardiner\u00eda y limpieza en Sotogrande","potentialAction":[{"@type":"SearchAction","target":{"@type":"EntryPoint","urlTemplate":"https:\/\/www.sotograndeprojects.com\/?s={search_term_string}"},"query-input":{"@type":"PropertyValueSpecification","valueRequired":true,"valueName":"search_term_string"}}],"inLanguage":"es"}]}},"_links":{"self":[{"href":"https:\/\/www.sotograndeprojects.com\/es\/wp-json\/wp\/v2\/pages\/499","targetHints":{"allow":["GET"]}}],"collection":[{"href":"https:\/\/www.sotograndeprojects.com\/es\/wp-json\/wp\/v2\/pages"}],"about":[{"href":"https:\/\/www.sotograndeprojects.com\/es\/wp-json\/wp\/v2\/types\/page"}],"author":[{"embeddable":true,"href":"https:\/\/www.sotograndeprojects.com\/es\/wp-json\/wp\/v2\/users\/1"}],"replies":[{"embeddable":true,"href":"https:\/\/www.sotograndeprojects.com\/es\/wp-json\/wp\/v2\/comments?post=499"}],"version-history":[{"count":2,"href":"https:\/\/www.sotograndeprojects.com\/es\/wp-json\/wp\/v2\/pages\/499\/revisions"}],"predecessor-version":[{"id":503,"href":"https:\/\/www.sotograndeprojects.com\/es\/wp-json\/wp\/v2\/pages\/499\/revisions\/503"}],"wp:featuredmedia":[{"embeddable":true,"href":"https:\/\/www.sotograndeprojects.com\/es\/wp-json\/wp\/v2\/media\/500"}],"wp:attachment":[{"href":"https:\/\/www.sotograndeprojects.com\/es\/wp-json\/wp\/v2\/media?parent=499"}],"curies":[{"name":"wp","href":"https:\/\/api.w.org\/{rel}","templated":true}]}}