{"id":534,"date":"2025-04-02T11:54:56","date_gmt":"2025-04-02T11:54:56","guid":{"rendered":"https:\/\/www.sotograndeprojects.com\/?page_id=534"},"modified":"2025-04-02T12:45:57","modified_gmt":"2025-04-02T12:45:57","slug":"servicios-de-interiorismo","status":"publish","type":"page","link":"https:\/\/www.sotograndeprojects.com\/es\/interior-design-services\/","title":{"rendered":"Servicios de interiorismo"},"content":{"rendered":"<p class=\"\" data-start=\"210\" data-end=\"435\">En Sotogrande Projects, ofrecemos <strong>dise\u00f1o profesional de interiores tanto para viviendas residenciales como para locales comerciales en Sotogrande<\/strong> y los alrededores de la Costa del Sol.<\/p>\n<p class=\"\" data-start=\"437\" data-end=\"665\">Tanto si desea crear un espacio c\u00e1lido y elegante, como renovar su casa de vacaciones o dise\u00f1ar un entorno comercial sofisticado y funcional, nuestros expertos interioristas est\u00e1n aqu\u00ed para hacer realidad su visi\u00f3n.<\/p>\n<p class=\"\" data-start=\"667\" data-end=\"705\"><strong data-start=\"667\" data-end=\"705\">Soluciones integrales de interiorismo<\/strong><\/p>\n<p class=\"\" data-start=\"707\" data-end=\"968\">Nuestro enfoque del dise\u00f1o de interiores se basa en la funcionalidad, la elegancia y un profundo conocimiento de su estilo personal. Desde el concepto inicial hasta la ejecuci\u00f3n final, ofrecemos soluciones integrales para garantizar que cada elemento de su espacio est\u00e9 cuidadosamente cuidado.<\/p>\n<p class=\"\" data-start=\"970\" data-end=\"1011\"><strong data-start=\"970\" data-end=\"1011\">Nuestros servicios de dise\u00f1o de interiores incluyen:<\/strong><\/p>\n<ul>\n<li data-start=\"1015\" data-end=\"1241\">Consultas de dise\u00f1o personalizadas: Comenzamos cada proyecto con una consulta personalizada para entender su estilo de vida, gustos y objetivos. Esto nos permite crear un concepto de dise\u00f1o personalizado que refleje verdaderamente su identidad.<\/li>\n<li data-start=\"1245\" data-end=\"1483\">Desarrollo del concepto y Mood Boards: Nuestros dise\u00f1adores crean presentaciones visuales para ilustrar las paletas de colores, los estilos de mobiliario, las texturas y los materiales, asegur\u00e1ndose de que est\u00e1s totalmente alineado con la direcci\u00f3n del proyecto desde el principio.<\/li>\n<li data-start=\"1487\" data-end=\"1689\">Planificaci\u00f3n del espacio y optimizaci\u00f3n de la distribuci\u00f3n: Evaluamos y planificamos con pericia el uso del espacio para mejorar la fluidez, aumentar el confort y maximizar la funcionalidad, tanto si se trata de un acogedor apartamento como de una oficina de varios niveles.<\/li>\n<li data-start=\"1693\" data-end=\"1883\">Selecci\u00f3n de materiales, acabados y mobiliario: Ayudamos a buscar y seleccionar muebles, accesorios, acabados, iluminaci\u00f3n y decoraci\u00f3n de alta calidad de proveedores locales e internacionales de confianza.<\/li>\n<li data-start=\"1887\" data-end=\"2046\">Visualizaciones y renders en 3D: Para una previsualizaci\u00f3n clara del resultado final, ofrecemos renders en 3D que le ayudar\u00e1n a visualizar el aspecto que tendr\u00e1 el espacio una vez terminado.<\/li>\n<li data-start=\"2050\" data-end=\"2235\">Gesti\u00f3n de proyectos e instalaci\u00f3n: Supervisamos todo el proceso, colaborando estrechamente con proveedores, contratistas y artesanos para ofrecer resultados excepcionales a tiempo y dentro del presupuesto.<\/li>\n<\/ul>\n<p class=\"\" data-start=\"2237\" data-end=\"2282\"><strong data-start=\"2237\" data-end=\"2282\">Dise\u00f1o de interiores residenciales en Sotogrande<\/strong><\/p>\n<p class=\"\" data-start=\"2284\" data-end=\"2508\">Desde lujosas villas a modernos apartamentos, creamos hogares que son a la vez bellos y habitables. Tanto si se trata de una renovaci\u00f3n a gran escala como de una simple reforma de una habitaci\u00f3n, nuestro equipo aporta creatividad y precisi\u00f3n a cada detalle.<\/p>\n<p class=\"\" data-start=\"2510\" data-end=\"2527\">Nos especializamos en:<\/p>\n<ul>\n<li data-start=\"2530\" data-end=\"2563\">Estilos mediterr\u00e1neos contempor\u00e1neos<\/li>\n<li data-start=\"2566\" data-end=\"2598\">Interiores costeros y minimalistas<\/li>\n<li data-start=\"2601\" data-end=\"2652\">R\u00fastico-lujo y est\u00e9tica tradicional andaluza<\/li>\n<li data-start=\"2655\" data-end=\"2693\">Mobiliario y carpinter\u00eda a medida<\/li>\n<\/ul>\n<p class=\"\" data-start=\"2695\" data-end=\"2734\"><strong data-start=\"2695\" data-end=\"2734\">Servicios de interiorismo comercial<\/strong><\/p>\n<p class=\"\" data-start=\"2736\" data-end=\"2843\">Su espacio comercial es una extensi\u00f3n de su marca. Nuestros servicios de interiorismo comercial son perfectos para:<\/p>\n<ul>\n<li data-start=\"2846\" data-end=\"2868\">Tiendas boutique<\/li>\n<li data-start=\"2871\" data-end=\"2906\">Caf\u00e9s, restaurantes y clubes de playa<\/li>\n<li data-start=\"2909\" data-end=\"2938\">Oficinas y espacios de cotrabajo<\/li>\n<li data-start=\"2941\" data-end=\"2973\">Inmuebles de alquiler u hosteler\u00eda<\/li>\n<\/ul>\n<p class=\"\" data-start=\"2975\" data-end=\"3102\">Creamos entornos funcionales, elegantes y acogedores, siempre en consonancia con sus objetivos operativos y su imagen de marca.<\/p>\n<p class=\"\" data-start=\"3104\" data-end=\"3159\"><strong data-start=\"3104\" data-end=\"3159\">\u00bfPor qu\u00e9 elegir Sotogrande Projects para el dise\u00f1o de interiores?<\/strong><\/p>\n<p class=\"\" data-start=\"3161\" data-end=\"3497\">Con a\u00f1os de experiencia en construcci\u00f3n, arquitectura y promoci\u00f3n inmobiliaria, Sotogrande Projects aporta una mezcla \u00fanica de conocimientos t\u00e9cnicos y visi\u00f3n art\u00edstica al mundo del dise\u00f1o de interiores. Nuestro equipo multiling\u00fce trabaja con propietarios de viviendas, promotores, profesionales inmobiliarios y empresas de toda la zona de Sotogrande y m\u00e1s all\u00e1.<\/p>\n<p class=\"\" data-start=\"3499\" data-end=\"3725\">Conocemos los matices de trabajar en el mercado local, desde la b\u00fasqueda de proveedores fiables hasta el cumplimiento de los requisitos log\u00edsticos y normativos, y nos apasiona ofrecer resultados impecables con un toque personal.<\/p>\n<hr \/>\n<p class=\"\" style=\"text-align: center;\" data-start=\"3882\" data-end=\"3990\">Si est\u00e1 pensando en amueblar, renovar o transformar por completo su espacio, nos encantar\u00eda conocer su opini\u00f3n...<\/p>\n<p style=\"text-align: center;\"><strong><a href=\"https:\/\/api.whatsapp.com\/send\/?phone=34684465277\">Deje que Sotogrande Projects le ayude a dise\u00f1ar un espacio en el que le encantar\u00e1 vivir, trabajar y entretenerse.<\/a><\/strong><\/p>","protected":false},"excerpt":{"rendered":"<p>En Sotogrande Projects, ofrecemos dise\u00f1o de interiores profesional tanto para viviendas residenciales como para propiedades comerciales en Sotogrande y los alrededores de la Costa del Sol. Si usted est\u00e1 buscando para crear un espacio de vida c\u00e1lido y elegante, refrescar su villa de vacaciones, o dise\u00f1ar un entorno comercial sofisticado y funcional, nuestros expertos dise\u00f1adores de interiores est\u00e1n aqu\u00ed para... <a title=\"Servicios de interiorismo\" class=\"read-more\" href=\"https:\/\/www.sotograndeprojects.com\/es\/interior-design-services\/\" aria-label=\"Leer m\u00e1s sobre Servicios de dise\u00f1o de interiores\">Leer m\u00e1s<\/a><\/p>","protected":false},"author":1,"featured_media":536,"parent":0,"menu_order":0,"comment_status":"closed","ping_status":"closed","template":"","meta":{"footnotes":""},"class_list":["post-534","page","type-page","status-publish","has-post-thumbnail"],"yoast_head":"<!-- This site is optimized with the Yoast SEO plugin v27.4 - https:\/\/yoast.com\/product\/yoast-seo-wordpress\/ -->\n<title>Interior Design Services - Sotogrande Projects<\/title>\n<meta name=\"description\" content=\"Interior design services in Sotogrande by Sotogrande Projects for residential and commercial spaces. Upgrade your home or commercial space.\" \/>\n<meta name=\"robots\" content=\"index, follow, max-snippet:-1, max-image-preview:large, max-video-preview:-1\" \/>\n<link rel=\"canonical\" href=\"https:\/\/www.sotograndeprojects.com\/es\/servicios-de-interiorismo\/\" \/>\n<meta property=\"og:locale\" content=\"es_ES\" \/>\n<meta property=\"og:type\" content=\"article\" \/>\n<meta property=\"og:title\" content=\"Interior Design Services - Sotogrande Projects\" \/>\n<meta property=\"og:description\" content=\"Interior design services in Sotogrande by Sotogrande Projects for residential and commercial spaces. Upgrade your home or commercial space.\" \/>\n<meta property=\"og:url\" content=\"https:\/\/www.sotograndeprojects.com\/es\/servicios-de-interiorismo\/\" \/>\n<meta property=\"og:site_name\" content=\"Sotogrande Projects\" \/>\n<meta property=\"article:publisher\" content=\"https:\/\/www.facebook.com\/sotograndeprojects\" \/>\n<meta property=\"article:modified_time\" content=\"2025-04-02T12:45:57+00:00\" \/>\n<meta property=\"og:image\" content=\"https:\/\/www.sotograndeprojects.com\/wp-content\/uploads\/interior-design-sotogrande-1024x683.png\" \/>\n\t<meta property=\"og:image:width\" content=\"1024\" \/>\n\t<meta property=\"og:image:height\" content=\"683\" \/>\n\t<meta property=\"og:image:type\" content=\"image\/png\" \/>\n<meta name=\"twitter:card\" content=\"summary_large_image\" \/>\n<meta name=\"twitter:site\" content=\"@sotograndepro\" \/>\n<meta name=\"twitter:label1\" content=\"Tiempo de lectura\" \/>\n\t<meta name=\"twitter:data1\" content=\"3 minutos\" \/>\n<script type=\"application\/ld+json\" class=\"yoast-schema-graph\">{\"@context\":\"https:\\\/\\\/schema.org\",\"@graph\":[{\"@type\":\"WebPage\",\"@id\":\"https:\\\/\\\/www.sotograndeprojects.com\\\/interior-design-services\\\/\",\"url\":\"https:\\\/\\\/www.sotograndeprojects.com\\\/interior-design-services\\\/\",\"name\":\"Interior Design Services - Sotogrande Projects\",\"isPartOf\":{\"@id\":\"https:\\\/\\\/www.sotograndeprojects.com\\\/#website\"},\"primaryImageOfPage\":{\"@id\":\"https:\\\/\\\/www.sotograndeprojects.com\\\/interior-design-services\\\/#primaryimage\"},\"image\":{\"@id\":\"https:\\\/\\\/www.sotograndeprojects.com\\\/interior-design-services\\\/#primaryimage\"},\"thumbnailUrl\":\"https:\\\/\\\/www.sotograndeprojects.com\\\/wp-content\\\/uploads\\\/interior-design-sotogrande.png\",\"datePublished\":\"2025-04-02T11:54:56+00:00\",\"dateModified\":\"2025-04-02T12:45:57+00:00\",\"description\":\"Interior design services in Sotogrande by Sotogrande Projects for residential and commercial spaces. Upgrade your home or commercial space.\",\"breadcrumb\":{\"@id\":\"https:\\\/\\\/www.sotograndeprojects.com\\\/interior-design-services\\\/#breadcrumb\"},\"inLanguage\":\"es\",\"potentialAction\":[{\"@type\":\"ReadAction\",\"target\":[\"https:\\\/\\\/www.sotograndeprojects.com\\\/interior-design-services\\\/\"]}]},{\"@type\":\"ImageObject\",\"inLanguage\":\"es\",\"@id\":\"https:\\\/\\\/www.sotograndeprojects.com\\\/interior-design-services\\\/#primaryimage\",\"url\":\"https:\\\/\\\/www.sotograndeprojects.com\\\/wp-content\\\/uploads\\\/interior-design-sotogrande.png\",\"contentUrl\":\"https:\\\/\\\/www.sotograndeprojects.com\\\/wp-content\\\/uploads\\\/interior-design-sotogrande.png\",\"width\":1920,\"height\":1280,\"caption\":\"Interior Design in Sotogrande \u2013 Residential & Commercial Projects\"},{\"@type\":\"BreadcrumbList\",\"@id\":\"https:\\\/\\\/www.sotograndeprojects.com\\\/interior-design-services\\\/#breadcrumb\",\"itemListElement\":[{\"@type\":\"ListItem\",\"position\":1,\"name\":\"Home\",\"item\":\"https:\\\/\\\/www.sotograndeprojects.com\\\/\"},{\"@type\":\"ListItem\",\"position\":2,\"name\":\"Interior Design Services\"}]},{\"@type\":\"WebSite\",\"@id\":\"https:\\\/\\\/www.sotograndeprojects.com\\\/#website\",\"url\":\"https:\\\/\\\/www.sotograndeprojects.com\\\/\",\"name\":\"Sotogrande Projects\",\"description\":\"Building, Renovation, Garden and Cleaning Services in Sotogrande\",\"potentialAction\":[{\"@type\":\"SearchAction\",\"target\":{\"@type\":\"EntryPoint\",\"urlTemplate\":\"https:\\\/\\\/www.sotograndeprojects.com\\\/?s={search_term_string}\"},\"query-input\":{\"@type\":\"PropertyValueSpecification\",\"valueRequired\":true,\"valueName\":\"search_term_string\"}}],\"inLanguage\":\"es\"}]}<\/script>\n<!-- \/ Yoast SEO plugin. -->","yoast_head_json":{"title":"Servicios de Interiorismo - Proyectos Sotogrande","description":"Servicios de dise\u00f1o de interiores en Sotogrande por Sotogrande Projects para espacios residenciales y comerciales. Actualice su hogar o espacio comercial.","robots":{"index":"index","follow":"follow","max-snippet":"max-snippet:-1","max-image-preview":"max-image-preview:large","max-video-preview":"max-video-preview:-1"},"canonical":"https:\/\/www.sotograndeprojects.com\/es\/servicios-de-interiorismo\/","og_locale":"es_ES","og_type":"article","og_title":"Interior Design Services - Sotogrande Projects","og_description":"Interior design services in Sotogrande by Sotogrande Projects for residential and commercial spaces. Upgrade your home or commercial space.","og_url":"https:\/\/www.sotograndeprojects.com\/es\/servicios-de-interiorismo\/","og_site_name":"Sotogrande Projects","article_publisher":"https:\/\/www.facebook.com\/sotograndeprojects","article_modified_time":"2025-04-02T12:45:57+00:00","og_image":[{"width":1024,"height":683,"url":"https:\/\/www.sotograndeprojects.com\/wp-content\/uploads\/interior-design-sotogrande-1024x683.png","type":"image\/png"}],"twitter_card":"summary_large_image","twitter_site":"@sotograndepro","twitter_misc":{"Tiempo de lectura":"3 minutos"},"schema":{"@context":"https:\/\/schema.org","@graph":[{"@type":"WebPage","@id":"https:\/\/www.sotograndeprojects.com\/interior-design-services\/","url":"https:\/\/www.sotograndeprojects.com\/interior-design-services\/","name":"Servicios de Interiorismo - Proyectos Sotogrande","isPartOf":{"@id":"https:\/\/www.sotograndeprojects.com\/#website"},"primaryImageOfPage":{"@id":"https:\/\/www.sotograndeprojects.com\/interior-design-services\/#primaryimage"},"image":{"@id":"https:\/\/www.sotograndeprojects.com\/interior-design-services\/#primaryimage"},"thumbnailUrl":"https:\/\/www.sotograndeprojects.com\/wp-content\/uploads\/interior-design-sotogrande.png","datePublished":"2025-04-02T11:54:56+00:00","dateModified":"2025-04-02T12:45:57+00:00","description":"Servicios de dise\u00f1o de interiores en Sotogrande por Sotogrande Projects para espacios residenciales y comerciales. Actualice su hogar o espacio comercial.","breadcrumb":{"@id":"https:\/\/www.sotograndeprojects.com\/interior-design-services\/#breadcrumb"},"inLanguage":"es","potentialAction":[{"@type":"ReadAction","target":["https:\/\/www.sotograndeprojects.com\/interior-design-services\/"]}]},{"@type":"ImageObject","inLanguage":"es","@id":"https:\/\/www.sotograndeprojects.com\/interior-design-services\/#primaryimage","url":"https:\/\/www.sotograndeprojects.com\/wp-content\/uploads\/interior-design-sotogrande.png","contentUrl":"https:\/\/www.sotograndeprojects.com\/wp-content\/uploads\/interior-design-sotogrande.png","width":1920,"height":1280,"caption":"Interior Design in Sotogrande \u2013 Residential & Commercial Projects"},{"@type":"BreadcrumbList","@id":"https:\/\/www.sotograndeprojects.com\/interior-design-services\/#breadcrumb","itemListElement":[{"@type":"ListItem","position":1,"name":"Home","item":"https:\/\/www.sotograndeprojects.com\/"},{"@type":"ListItem","position":2,"name":"Interior Design Services"}]},{"@type":"WebSite","@id":"https:\/\/www.sotograndeprojects.com\/#website","url":"https:\/\/www.sotograndeprojects.com\/","name":"Sotogrande Projects","description":"Servicios de construcci\u00f3n, reformas, jardiner\u00eda y limpieza en Sotogrande","potentialAction":[{"@type":"SearchAction","target":{"@type":"EntryPoint","urlTemplate":"https:\/\/www.sotograndeprojects.com\/?s={search_term_string}"},"query-input":{"@type":"PropertyValueSpecification","valueRequired":true,"valueName":"search_term_string"}}],"inLanguage":"es"}]}},"_links":{"self":[{"href":"https:\/\/www.sotograndeprojects.com\/es\/wp-json\/wp\/v2\/pages\/534","targetHints":{"allow":["GET"]}}],"collection":[{"href":"https:\/\/www.sotograndeprojects.com\/es\/wp-json\/wp\/v2\/pages"}],"about":[{"href":"https:\/\/www.sotograndeprojects.com\/es\/wp-json\/wp\/v2\/types\/page"}],"author":[{"embeddable":true,"href":"https:\/\/www.sotograndeprojects.com\/es\/wp-json\/wp\/v2\/users\/1"}],"replies":[{"embeddable":true,"href":"https:\/\/www.sotograndeprojects.com\/es\/wp-json\/wp\/v2\/comments?post=534"}],"version-history":[{"count":1,"href":"https:\/\/www.sotograndeprojects.com\/es\/wp-json\/wp\/v2\/pages\/534\/revisions"}],"predecessor-version":[{"id":537,"href":"https:\/\/www.sotograndeprojects.com\/es\/wp-json\/wp\/v2\/pages\/534\/revisions\/537"}],"wp:featuredmedia":[{"embeddable":true,"href":"https:\/\/www.sotograndeprojects.com\/es\/wp-json\/wp\/v2\/media\/536"}],"wp:attachment":[{"href":"https:\/\/www.sotograndeprojects.com\/es\/wp-json\/wp\/v2\/media?parent=534"}],"curies":[{"name":"wp","href":"https:\/\/api.w.org\/{rel}","templated":true}]}}