{"id":542,"date":"2025-07-07T13:02:35","date_gmt":"2025-07-07T13:02:35","guid":{"rendered":"https:\/\/www.sotograndeprojects.com\/?page_id=542"},"modified":"2025-07-07T13:02:35","modified_gmt":"2025-07-07T13:02:35","slug":"servicios-profesionales-de-limpieza-en-sotogrande","status":"publish","type":"page","link":"https:\/\/www.sotograndeprojects.com\/es\/professional-cleaning-services-in-sotogrande\/","title":{"rendered":"Servicios profesionales de limpieza en Sotogrande"},"content":{"rendered":"<p>En <strong>Sotogrande Projects<\/strong>Nos enorgullece extender nuestra reputaci\u00f3n de excelencia a los pa\u00edses en v\u00edas de desarrollo. <strong>servicios profesionales de limpieza<\/strong> en Sotogrande, Alcaidesa, San Roque Club y comunidades cercanas. Tanto si posee una residencia de lujo, una casa de vacaciones o un local comercial, nuestras soluciones de limpieza garantizan espacios impecables, higi\u00e9nicos y acogedores en todo momento.<\/p>\n<p data-start=\"465\" data-end=\"490\"><strong data-start=\"465\" data-end=\"490\">Nuestros servicios de limpieza<\/strong><\/p>\n<p data-start=\"492\" data-end=\"749\"><strong data-start=\"492\" data-end=\"538\">Limpieza intensiva puntual y peri\u00f3dica<\/strong><br data-start=\"538\" data-end=\"541\" \/>Desde limpiezas a fondo hasta el mantenimiento dom\u00e9stico semanal, nuestro equipo se encarga de todas las tareas de limpieza con precisi\u00f3n y cuidado. Adaptamos cada visita a las necesidades exactas de su propiedad, utilizando productos ecol\u00f3gicos y de alta calidad.<\/p>\n<p data-start=\"751\" data-end=\"1010\"><strong data-start=\"751\" data-end=\"791\">Mantenimiento de comunidades y zonas comunes<\/strong><br data-start=\"791\" data-end=\"794\" \/>Dise\u00f1ados para urbanizaciones residenciales de lujo, nuestros servicios de limpieza de comunidades cubren espacios compartidos como vest\u00edbulos, pasillos, huecos de escaleras y zonas de estar al aire libre, garantizando que su vecindario tenga siempre un aspecto impecable.<\/p>\n<p data-start=\"1012\" data-end=\"1254\"><strong data-start=\"1012\" data-end=\"1052\">Limpieza comercial, de oficinas y minoristas<\/strong><br data-start=\"1052\" data-end=\"1055\" \/>D\u00e9 la mejor primera impresi\u00f3n manteniendo impecables oficinas, tiendas, cl\u00ednicas m\u00e9dicas y zonas de recepci\u00f3n. Nos centramos en la higiene, la seguridad y la est\u00e9tica para ayudar tanto a sus clientes como a su personal.<\/p>\n<p data-start=\"1256\" data-end=\"1506\"><strong data-start=\"1256\" data-end=\"1298\">Limpieza en vacaciones y alquileres breves<\/strong><br data-start=\"1298\" data-end=\"1301\" \/>Ideal para gestores de alquileres vacacionales, nuestra limpieza r\u00e1pida y fiable garantiza que todos los apartamentos est\u00e9n a punto y renovados para los pr\u00f3ximos hu\u00e9spedes, lo que ayuda a aumentar la satisfacci\u00f3n y las valoraciones en las plataformas de reservas.<\/p>\n<p data-start=\"1508\" data-end=\"1727\"><strong data-start=\"1508\" data-end=\"1551\">Limpieza posterior a renovaciones y obras<\/strong><br data-start=\"1551\" data-end=\"1554\" \/>Tras una reforma o una obra, conf\u00ede en nuestro equipo de expertos para retirar los escombros, limpiar el polvo, pulir las superficies y preparar su espacio para ser ocupado, ahorr\u00e1ndole tiempo y molestias.<\/p>\n<p data-start=\"1729\" data-end=\"1938\"><strong data-start=\"1729\" data-end=\"1764\">Limpieza de ventanas, cristales y fachadas<\/strong><br data-start=\"1764\" data-end=\"1767\" \/>Ofrecemos limpieza de alta calidad de ventanas, fachadas y cristales exteriores, eliminando las rayas, la suciedad y la acumulaci\u00f3n ambiental para devolver a su propiedad un aspecto fresco y pulido.<\/p>\n<p data-start=\"1945\" data-end=\"1993\"><strong data-start=\"1945\" data-end=\"1993\">\u00bfPor qu\u00e9 elegir Sotogrande Projects para la limpieza?<\/strong><\/p>\n<ul data-start=\"1995\" data-end=\"2811\">\n<li data-start=\"1995\" data-end=\"2175\">\n<p data-start=\"1997\" data-end=\"2175\"><span style=\"text-decoration: underline;\">Experiencia local y servicio personalizado<\/span><br data-start=\"2035\" data-end=\"2038\" \/>Entendemos las necesidades \u00fanicas de las propiedades de Sotogrande y ofrecemos planes de limpieza a medida basados en su entorno y sus expectativas.<\/p>\n<\/li>\n<li data-start=\"2177\" data-end=\"2342\">\n<p data-start=\"2179\" data-end=\"2342\"><span style=\"text-decoration: underline;\">Personal altamente cualificado y profesional<\/span><br data-start=\"2214\" data-end=\"2217\" \/>Seleccionamos a nuestro equipo por su habilidad, fiabilidad y gran atenci\u00f3n al detalle, para asegurarnos de que cada tarea cumpla nuestros elevados est\u00e1ndares.<\/p>\n<\/li>\n<li data-start=\"2344\" data-end=\"2499\">\n<p data-start=\"2346\" data-end=\"2499\"><span style=\"text-decoration: underline;\">Productos y m\u00e9todos ecol\u00f3gicos<\/span><br data-start=\"2377\" data-end=\"2380\" \/>Utilizamos productos de limpieza seguros y eficaces para reducir al m\u00ednimo el impacto ambiental y lograr al mismo tiempo resultados higi\u00e9nicos y pr\u00edstinos.<\/p>\n<\/li>\n<li data-start=\"2501\" data-end=\"2656\">\n<p data-start=\"2503\" data-end=\"2656\"><span style=\"text-decoration: underline;\">Coordinaci\u00f3n de servicios completos<\/span><br data-start=\"2528\" data-end=\"2531\" \/>Nos integramos a la perfecci\u00f3n con su equipo de mantenimiento o servicios de construcci\u00f3n existentes, cubriendo todos los detalles para que usted no tenga que hacerlo.<\/p>\n<\/li>\n<li data-start=\"2658\" data-end=\"2811\">\n<p data-start=\"2660\" data-end=\"2811\"><span style=\"text-decoration: underline;\">Tranquilidad y coherencia<\/span><br data-start=\"2685\" data-end=\"2688\" \/>Nuestro enfoque sistem\u00e1tico garantiza una calidad de servicio constante, ya se trate de limpiezas peri\u00f3dicas o de limpiezas en profundidad puntuales.<\/p>\n<\/li>\n<\/ul>\n<p data-start=\"2818\" data-end=\"2852\"><strong data-start=\"2818\" data-end=\"2852\">Alcance de nuestros servicios de limpieza<\/strong><\/p>\n<div class=\"_tableContainer_80l1q_1\">\n<div class=\"_tableWrapper_80l1q_14 group flex w-fit flex-col-reverse\" tabindex=\"-1\">\n<table class=\"w-fit min-w-(--thread-content-width)\" data-start=\"2854\" data-end=\"3619\">\n<thead data-start=\"2854\" data-end=\"2947\">\n<tr data-start=\"2854\" data-end=\"2947\">\n<th data-start=\"2854\" data-end=\"2889\" data-col-size=\"sm\">P\u00fablico \/ Tipo de propiedad<\/th>\n<th data-start=\"2889\" data-end=\"2947\" data-col-size=\"md\">Casos de uso t\u00edpicos<\/th>\n<\/tr>\n<\/thead>\n<tbody data-start=\"3042\" data-end=\"3619\">\n<tr data-start=\"3042\" data-end=\"3137\">\n<td data-start=\"3042\" data-end=\"3077\" data-col-size=\"sm\">Casas de lujo y villas de vacaciones<\/td>\n<td data-col-size=\"md\" data-start=\"3077\" data-end=\"3137\">Limpieza a fondo, preparaci\u00f3n estacional, mantenimiento continuo<\/td>\n<\/tr>\n<tr data-start=\"3138\" data-end=\"3231\">\n<td data-start=\"3138\" data-end=\"3173\" data-col-size=\"sm\">Comunidades residenciales<\/td>\n<td data-col-size=\"md\" data-start=\"3173\" data-end=\"3231\">Vest\u00edbulos, pasillos, escaleras, zonas comunes al aire libre<\/td>\n<\/tr>\n<tr data-start=\"3232\" data-end=\"3327\">\n<td data-start=\"3232\" data-end=\"3267\" data-col-size=\"sm\">Oficinas y espacios comerciales<\/td>\n<td data-col-size=\"md\" data-start=\"3267\" data-end=\"3327\">Limpieza diaria o peri\u00f3dica, saneamiento, mantenimiento de la recepci\u00f3n<\/td>\n<\/tr>\n<tr data-start=\"3328\" data-end=\"3430\">\n<td data-start=\"3328\" data-end=\"3363\" data-col-size=\"sm\">Viviendas tur\u00edsticas \/ de corta duraci\u00f3n<\/td>\n<td data-start=\"3363\" data-end=\"3430\" data-col-size=\"md\">Cambios r\u00e1pidos, cambio de ropa de cama, desinfecci\u00f3n entre hu\u00e9spedes<\/td>\n<\/tr>\n<tr data-start=\"3431\" data-end=\"3524\">\n<td data-start=\"3431\" data-end=\"3466\" data-col-size=\"sm\">Renovaci\u00f3n o entrega al constructor<\/td>\n<td data-start=\"3466\" data-end=\"3524\" data-col-size=\"md\">Eliminaci\u00f3n de polvo, pulido, desescombro<\/td>\n<\/tr>\n<tr data-start=\"3525\" data-end=\"3619\">\n<td data-start=\"3525\" data-end=\"3560\" data-col-size=\"sm\">Limpieza de ventanas, fachadas y cristales<\/td>\n<td data-start=\"3560\" data-end=\"3619\" data-col-size=\"md\">Vistas claras, superficies sin rayas, aspecto renovado<\/td>\n<\/tr>\n<\/tbody>\n<\/table>\n<\/div>\n<\/div>\n<div class=\"absolute end-0 flex items-end\"><\/div>\n<div>\n<hr \/>\n<p data-start=\"3978\" data-end=\"4179\">\n<p style=\"text-align: center;\" data-start=\"3978\" data-end=\"4179\">\u00bfLe interesa saber m\u00e1s o solicitar un presupuesto personalizado para sus necesidades de limpieza?<\/p>\n<p style=\"text-align: center;\" data-start=\"3978\" data-end=\"4179\"><strong><a href=\"https:\/\/api.whatsapp.com\/send\/?phone=34684465277\">P\u00f3ngase en contacto con nosotros hoy mismo y disfrute de la confianza que proporcionan unos espacios profesionales, fiables y mantenidos con estilo.<\/a><\/strong>.<\/p>\n<\/div>\n<p data-start=\"3978\" data-end=\"4179\">","protected":false},"excerpt":{"rendered":"<p>En Sotogrande Projects, estamos orgullosos de extender nuestra reputaci\u00f3n de excelencia a los servicios de limpieza profesional en Sotogrande, Alcaidesa, San Roque Club y comunidades cercanas. Tanto si posee una residencia de lujo, una casa de vacaciones o una propiedad comercial, nuestras soluciones de limpieza garantizan espacios impecables, higi\u00e9nicos y acogedores en todo momento. Nuestros servicios de limpieza Limpieza intensiva puntual y peri\u00f3dicaDesde ... <a title=\"Servicios profesionales de limpieza en Sotogrande\" class=\"read-more\" href=\"https:\/\/www.sotograndeprojects.com\/es\/professional-cleaning-services-in-sotogrande\/\" aria-label=\"Leer m\u00e1s sobre Servicios profesionales de limpieza en Sotogrande\">Leer m\u00e1s<\/a><\/p>","protected":false},"author":1,"featured_media":543,"parent":0,"menu_order":0,"comment_status":"closed","ping_status":"closed","template":"","meta":{"footnotes":""},"class_list":["post-542","page","type-page","status-publish","has-post-thumbnail"],"yoast_head":"<!-- This site is optimized with the Yoast SEO plugin v27.5 - https:\/\/yoast.com\/product\/yoast-seo-wordpress\/ -->\n<title>Professional Cleaning Services in Sotogrande - Sotogrande Projects<\/title>\n<meta name=\"robots\" content=\"index, follow, max-snippet:-1, max-image-preview:large, max-video-preview:-1\" \/>\n<link rel=\"canonical\" href=\"https:\/\/www.sotograndeprojects.com\/es\/servicios-profesionales-de-limpieza-en-sotogrande\/\" \/>\n<meta property=\"og:locale\" content=\"es_ES\" \/>\n<meta property=\"og:type\" content=\"article\" \/>\n<meta property=\"og:title\" content=\"Professional Cleaning Services in Sotogrande - Sotogrande Projects\" \/>\n<meta property=\"og:description\" content=\"At Sotogrande Projects, we are proud to extend our reputation for excellence into professional cleaning services across Sotogrande, Alcaidesa, San Roque Club, and nearby communities. Whether you own a luxury residence, holiday home, or commercial property, our cleaning solutions ensure spotless, hygienic, and welcoming spaces\u2014every time. Our Cleaning Services Intensive One-Off &amp; Recurring HousekeepingFrom full ... Leer m\u00e1s\" \/>\n<meta property=\"og:url\" content=\"https:\/\/www.sotograndeprojects.com\/es\/servicios-profesionales-de-limpieza-en-sotogrande\/\" \/>\n<meta property=\"og:site_name\" content=\"Sotogrande Projects\" \/>\n<meta property=\"article:publisher\" content=\"https:\/\/www.facebook.com\/sotograndeprojects\" \/>\n<meta property=\"og:image\" content=\"https:\/\/www.sotograndeprojects.com\/wp-content\/uploads\/professional-cleaning-services-sotogrande.jpg\" \/>\n\t<meta property=\"og:image:width\" content=\"1920\" \/>\n\t<meta property=\"og:image:height\" content=\"1280\" \/>\n\t<meta property=\"og:image:type\" content=\"image\/jpeg\" \/>\n<meta name=\"twitter:card\" content=\"summary_large_image\" \/>\n<meta name=\"twitter:site\" content=\"@sotograndepro\" \/>\n<meta name=\"twitter:label1\" content=\"Tiempo de lectura\" \/>\n\t<meta name=\"twitter:data1\" content=\"3 minutos\" \/>\n<script type=\"application\/ld+json\" class=\"yoast-schema-graph\">{\"@context\":\"https:\\\/\\\/schema.org\",\"@graph\":[{\"@type\":\"WebPage\",\"@id\":\"https:\\\/\\\/www.sotograndeprojects.com\\\/professional-cleaning-services-in-sotogrande\\\/\",\"url\":\"https:\\\/\\\/www.sotograndeprojects.com\\\/professional-cleaning-services-in-sotogrande\\\/\",\"name\":\"Professional Cleaning Services in Sotogrande - Sotogrande Projects\",\"isPartOf\":{\"@id\":\"https:\\\/\\\/www.sotograndeprojects.com\\\/#website\"},\"primaryImageOfPage\":{\"@id\":\"https:\\\/\\\/www.sotograndeprojects.com\\\/professional-cleaning-services-in-sotogrande\\\/#primaryimage\"},\"image\":{\"@id\":\"https:\\\/\\\/www.sotograndeprojects.com\\\/professional-cleaning-services-in-sotogrande\\\/#primaryimage\"},\"thumbnailUrl\":\"https:\\\/\\\/www.sotograndeprojects.com\\\/wp-content\\\/uploads\\\/professional-cleaning-services-sotogrande.jpg\",\"datePublished\":\"2025-07-07T13:02:35+00:00\",\"breadcrumb\":{\"@id\":\"https:\\\/\\\/www.sotograndeprojects.com\\\/professional-cleaning-services-in-sotogrande\\\/#breadcrumb\"},\"inLanguage\":\"es\",\"potentialAction\":[{\"@type\":\"ReadAction\",\"target\":[\"https:\\\/\\\/www.sotograndeprojects.com\\\/professional-cleaning-services-in-sotogrande\\\/\"]}]},{\"@type\":\"ImageObject\",\"inLanguage\":\"es\",\"@id\":\"https:\\\/\\\/www.sotograndeprojects.com\\\/professional-cleaning-services-in-sotogrande\\\/#primaryimage\",\"url\":\"https:\\\/\\\/www.sotograndeprojects.com\\\/wp-content\\\/uploads\\\/professional-cleaning-services-sotogrande.jpg\",\"contentUrl\":\"https:\\\/\\\/www.sotograndeprojects.com\\\/wp-content\\\/uploads\\\/professional-cleaning-services-sotogrande.jpg\",\"width\":1920,\"height\":1280,\"caption\":\"Professional Cleaning Services in Sotogrande\"},{\"@type\":\"BreadcrumbList\",\"@id\":\"https:\\\/\\\/www.sotograndeprojects.com\\\/professional-cleaning-services-in-sotogrande\\\/#breadcrumb\",\"itemListElement\":[{\"@type\":\"ListItem\",\"position\":1,\"name\":\"Home\",\"item\":\"https:\\\/\\\/www.sotograndeprojects.com\\\/\"},{\"@type\":\"ListItem\",\"position\":2,\"name\":\"Professional Cleaning Services in Sotogrande\"}]},{\"@type\":\"WebSite\",\"@id\":\"https:\\\/\\\/www.sotograndeprojects.com\\\/#website\",\"url\":\"https:\\\/\\\/www.sotograndeprojects.com\\\/\",\"name\":\"Sotogrande Projects\",\"description\":\"Building, Renovation, Garden and Cleaning Services in Sotogrande\",\"potentialAction\":[{\"@type\":\"SearchAction\",\"target\":{\"@type\":\"EntryPoint\",\"urlTemplate\":\"https:\\\/\\\/www.sotograndeprojects.com\\\/?s={search_term_string}\"},\"query-input\":{\"@type\":\"PropertyValueSpecification\",\"valueRequired\":true,\"valueName\":\"search_term_string\"}}],\"inLanguage\":\"es\"}]}<\/script>\n<!-- \/ Yoast SEO plugin. -->","yoast_head_json":{"title":"Servicios profesionales de limpieza en Sotogrande - Proyectos Sotogrande","robots":{"index":"index","follow":"follow","max-snippet":"max-snippet:-1","max-image-preview":"max-image-preview:large","max-video-preview":"max-video-preview:-1"},"canonical":"https:\/\/www.sotograndeprojects.com\/es\/servicios-profesionales-de-limpieza-en-sotogrande\/","og_locale":"es_ES","og_type":"article","og_title":"Professional Cleaning Services in Sotogrande - Sotogrande Projects","og_description":"At Sotogrande Projects, we are proud to extend our reputation for excellence into professional cleaning services across Sotogrande, Alcaidesa, San Roque Club, and nearby communities. Whether you own a luxury residence, holiday home, or commercial property, our cleaning solutions ensure spotless, hygienic, and welcoming spaces\u2014every time. Our Cleaning Services Intensive One-Off &amp; Recurring HousekeepingFrom full ... Leer m\u00e1s","og_url":"https:\/\/www.sotograndeprojects.com\/es\/servicios-profesionales-de-limpieza-en-sotogrande\/","og_site_name":"Sotogrande Projects","article_publisher":"https:\/\/www.facebook.com\/sotograndeprojects","og_image":[{"width":1920,"height":1280,"url":"https:\/\/www.sotograndeprojects.com\/wp-content\/uploads\/professional-cleaning-services-sotogrande.jpg","type":"image\/jpeg"}],"twitter_card":"summary_large_image","twitter_site":"@sotograndepro","twitter_misc":{"Tiempo de lectura":"3 minutos"},"schema":{"@context":"https:\/\/schema.org","@graph":[{"@type":"WebPage","@id":"https:\/\/www.sotograndeprojects.com\/professional-cleaning-services-in-sotogrande\/","url":"https:\/\/www.sotograndeprojects.com\/professional-cleaning-services-in-sotogrande\/","name":"Servicios profesionales de limpieza en Sotogrande - Proyectos Sotogrande","isPartOf":{"@id":"https:\/\/www.sotograndeprojects.com\/#website"},"primaryImageOfPage":{"@id":"https:\/\/www.sotograndeprojects.com\/professional-cleaning-services-in-sotogrande\/#primaryimage"},"image":{"@id":"https:\/\/www.sotograndeprojects.com\/professional-cleaning-services-in-sotogrande\/#primaryimage"},"thumbnailUrl":"https:\/\/www.sotograndeprojects.com\/wp-content\/uploads\/professional-cleaning-services-sotogrande.jpg","datePublished":"2025-07-07T13:02:35+00:00","breadcrumb":{"@id":"https:\/\/www.sotograndeprojects.com\/professional-cleaning-services-in-sotogrande\/#breadcrumb"},"inLanguage":"es","potentialAction":[{"@type":"ReadAction","target":["https:\/\/www.sotograndeprojects.com\/professional-cleaning-services-in-sotogrande\/"]}]},{"@type":"ImageObject","inLanguage":"es","@id":"https:\/\/www.sotograndeprojects.com\/professional-cleaning-services-in-sotogrande\/#primaryimage","url":"https:\/\/www.sotograndeprojects.com\/wp-content\/uploads\/professional-cleaning-services-sotogrande.jpg","contentUrl":"https:\/\/www.sotograndeprojects.com\/wp-content\/uploads\/professional-cleaning-services-sotogrande.jpg","width":1920,"height":1280,"caption":"Professional Cleaning Services in Sotogrande"},{"@type":"BreadcrumbList","@id":"https:\/\/www.sotograndeprojects.com\/professional-cleaning-services-in-sotogrande\/#breadcrumb","itemListElement":[{"@type":"ListItem","position":1,"name":"Home","item":"https:\/\/www.sotograndeprojects.com\/"},{"@type":"ListItem","position":2,"name":"Professional Cleaning Services in Sotogrande"}]},{"@type":"WebSite","@id":"https:\/\/www.sotograndeprojects.com\/#website","url":"https:\/\/www.sotograndeprojects.com\/","name":"Sotogrande Projects","description":"Servicios de construcci\u00f3n, reformas, jardiner\u00eda y limpieza en Sotogrande","potentialAction":[{"@type":"SearchAction","target":{"@type":"EntryPoint","urlTemplate":"https:\/\/www.sotograndeprojects.com\/?s={search_term_string}"},"query-input":{"@type":"PropertyValueSpecification","valueRequired":true,"valueName":"search_term_string"}}],"inLanguage":"es"}]}},"_links":{"self":[{"href":"https:\/\/www.sotograndeprojects.com\/es\/wp-json\/wp\/v2\/pages\/542","targetHints":{"allow":["GET"]}}],"collection":[{"href":"https:\/\/www.sotograndeprojects.com\/es\/wp-json\/wp\/v2\/pages"}],"about":[{"href":"https:\/\/www.sotograndeprojects.com\/es\/wp-json\/wp\/v2\/types\/page"}],"author":[{"embeddable":true,"href":"https:\/\/www.sotograndeprojects.com\/es\/wp-json\/wp\/v2\/users\/1"}],"replies":[{"embeddable":true,"href":"https:\/\/www.sotograndeprojects.com\/es\/wp-json\/wp\/v2\/comments?post=542"}],"version-history":[{"count":2,"href":"https:\/\/www.sotograndeprojects.com\/es\/wp-json\/wp\/v2\/pages\/542\/revisions"}],"predecessor-version":[{"id":545,"href":"https:\/\/www.sotograndeprojects.com\/es\/wp-json\/wp\/v2\/pages\/542\/revisions\/545"}],"wp:featuredmedia":[{"embeddable":true,"href":"https:\/\/www.sotograndeprojects.com\/es\/wp-json\/wp\/v2\/media\/543"}],"wp:attachment":[{"href":"https:\/\/www.sotograndeprojects.com\/es\/wp-json\/wp\/v2\/media?parent=542"}],"curies":[{"name":"wp","href":"https:\/\/api.w.org\/{rel}","templated":true}]}}